{"id":1089,"date":"2020-05-11T12:46:31","date_gmt":"2020-05-11T12:46:31","guid":{"rendered":"https:\/\/clp-akademie.de\/wpdata\/?page_id=1089"},"modified":"2020-05-11T12:46:32","modified_gmt":"2020-05-11T12:46:32","slug":"vorstellung-seminare","status":"publish","type":"page","link":"https:\/\/clp-akademie.de\/wpdata\/vorstellung-seminare\/","title":{"rendered":"Vorstellung Seminare"},"content":{"rendered":"\n<style type=\"text\/css\" data-created_by=\"avia_inline_auto\" id=\"style-css-av-av_one_full-25347b0a799d5b9f7058434b2a9c3182\">\n.flex_column.av-av_one_full-25347b0a799d5b9f7058434b2a9c3182{\nborder-radius:0px 0px 0px 0px;\npadding:0px 0px 0px 0px;\n}\n<\/style>\n<div  class='flex_column av-av_one_full-25347b0a799d5b9f7058434b2a9c3182 av_one_full  avia-builder-el-0  avia-builder-el-no-sibling  first flex_column_div av-zero-column-padding  '     ><p>\n<style type=\"text\/css\" data-created_by=\"avia_inline_auto\" id=\"style-css-av-ka2hapki-4e84fcc4236e475e5a46ba9ff942626e\">\n.avia-image-container.av-ka2hapki-4e84fcc4236e475e5a46ba9ff942626e img.avia_image{\nbox-shadow:none;\n}\n.avia-image-container.av-ka2hapki-4e84fcc4236e475e5a46ba9ff942626e .av-image-caption-overlay-center{\ncolor:#ffffff;\n}\n<\/style>\n<div  class='avia-image-container av-ka2hapki-4e84fcc4236e475e5a46ba9ff942626e av-styling- avia-align-center  avia-builder-el-1  el_before_av_heading  avia-builder-el-first '   itemprop=\"image\" itemscope=\"itemscope\" itemtype=\"https:\/\/schema.org\/ImageObject\" ><div class=\"avia-image-container-inner\"><div class=\"avia-image-overlay-wrap\"><img decoding=\"async\" fetchpriority=\"high\" class='wp-image-1090 avia-img-lazy-loading-not-1090 avia_image ' src=\"https:\/\/clp-akademie.de\/wpdata\/wp-content\/uploads\/2020\/05\/Online-Angebot-1280x630.jpg\" alt='' title='Online-Angebot'  height=\"630\" width=\"1280\"  itemprop=\"thumbnailUrl\"  \/><\/div><\/div><\/div><br \/>\n\n<style type=\"text\/css\" data-created_by=\"avia_inline_auto\" id=\"style-css-av-ka2gpw0r-3632667baff30cccbf6689ed124b397f\">\n#top .av-special-heading.av-ka2gpw0r-3632667baff30cccbf6689ed124b397f{\npadding-bottom:10px;\n}\nbody .av-special-heading.av-ka2gpw0r-3632667baff30cccbf6689ed124b397f .av-special-heading-tag .heading-char{\nfont-size:25px;\n}\n.av-special-heading.av-ka2gpw0r-3632667baff30cccbf6689ed124b397f .av-subheading{\nfont-size:15px;\n}\n<\/style>\n<div  class='av-special-heading av-ka2gpw0r-3632667baff30cccbf6689ed124b397f av-special-heading-h3  avia-builder-el-2  el_after_av_image  el_before_av_textblock '><h3 class='av-special-heading-tag '  itemprop=\"headline\"  >Seminare<\/h3><div class=\"special-heading-border\"><div class=\"special-heading-inner-border\"><\/div><\/div><\/div><br \/>\n<section  class='av_textblock_section av-ka2gpgwu-0aae6252a9194351afcbf71fb5313a16 '   itemscope=\"itemscope\" itemtype=\"https:\/\/schema.org\/CreativeWork\" ><div class='avia_textblock'  itemprop=\"text\" ><p align=\"justify\">Erfahrung ist der Grundstein f\u00fcr eine ausgezeichnete Beratung. Unser Dozententeam besteht aus erprobten Rechtsanw\u00e4lten\/innen der Wirtschaftskanzlei CLP Rechtsanw\u00e4lte und b\u00fcndelt die Erfahrung der t\u00e4glichen Rechtsberatungspraxis im Schulungsangebot der CLP Akademie.<\/p>\n<p align=\"justify\">Der Fokus der Akademie liegt gerade darin, dieses spezielle Knowhow im Rahmen von praxisnahen Seminaren, Vortr\u00e4gen und (Inhouse) Schulungen zu vermitteln. Profitieren Sie unmittelbar von der hohen Beratungskompetenz der Dozenten, vom Erfahrungsaustausch und vom Wissenstransfer aus der Praxis f\u00fcr die Praxis!<\/p>\n<p align=\"justify\">Der Erfolg einer Vergabe \u00f6ffentlicher Auftr\u00e4ge bzw. einer Beschaffungsma\u00dfnahme z.B. im Bau-, Liefer- oder Dienstleistungssektor h\u00e4ngt ma\u00dfgeblich von Ihren Kenntnissen im Vergaberecht ab. Diese gehen eng einher mit dem Verst\u00e4ndnis der einschl\u00e4gigen, teils komplexen rechtlichen Regelungswerke, der Normen und der aktuellen Rechtsprechung. An dieser Stelle setzen die CLP Seminare an.<\/p>\n<p align=\"justify\">Die CLP Akademie bietet ein breites Portfolio an Grundlagen- und Vertiefungsseminaren sowie Lehrg\u00e4ngen. Unsere Dozenten f\u00fchren Sie ein in die Vorbereitung und den Ablauf des gesamten Vergabeverfahrens, stellen Ihnen praxisbezogen die typischen Fehler- und Risikoquellen dar und instruieren Sie \u00fcber aktuelle Rechtsprechung und Gesetzes\u00e4nderungen. Dar\u00fcber hinaus bieten wir zwei bundesweit einmalige <strong>Zertifizierungslehrg\u00e4nge<\/strong>. Einzel- und Spezialthemen k\u00f6nnen ebenso wie Praxistraining im Fokus eines Seminars stehen \u2013 immer zugeschnitten auf Ihren Bedarf und Kenntnisstand.<\/p>\n<p align=\"justify\">Ein Beispiel:<\/p>\n<p align=\"justify\">Im besonderen Ma\u00dfe besteht etwa im Baubereich ein stetiger Bedarf an Wissensvermittlung. Im Vorfeld und Anschluss, vor allem aber w\u00e4hrend der Bauphase werden h\u00e4ufig <strong>grundlegende Fehler<\/strong> begangen, welche den Bauablauf st\u00f6ren, deutlich verl\u00e4ngern und die Kosten des Projekts in die H\u00f6he steigen lassen. Nicht selten w\u00fcrden sich derartige Problematiken unter korrekter Anwendung der VOB\/B und sonstiger bauvertraglicher Normen besser l\u00f6sen oder gar vermeiden lassen. Nur durch die <strong>genaue Kenntnis der vertraglichen Rechte und Pflichten<\/strong> sowie der ma\u00dfgeblichen Rechtsprechung ist man in der Lage im Sinne des Baufortschritts sachgerecht und zielf\u00fchrend zu handeln.<\/p>\n<p align=\"justify\">Anhand der ma\u00dfgeblichen baurechtlichen Regelungen werden unsere Seminarteilnehmer zun\u00e4chst in den <strong>baurechtlichen Grundlagen<\/strong> geschult. Daraufhin wird insbesondere auf die <strong>hochgradig praxisrelevanten Themenkreise Behinderungen, Nachtr\u00e4ge<\/strong> sowie <strong>Abnahme <\/strong>und<strong> M\u00e4ngelhaftung<\/strong> eingegangen. Aktuelle, einschl\u00e4gige Rechtsprechung wird dabei anhand von Beispielf\u00e4llen aufbereitet und somit f\u00fcr den Praxisgebrauch anwendbar gemacht.<\/p>\n<p align=\"justify\">Haben wir Ihr Interesse geweckt?<\/p>\n<p align=\"justify\">Unser <a href=\"https:\/\/clp-akademie.de\/wpdata\/veranstaltungen\/\"><strong>Seminarkalender<\/strong><\/a> bietet Ihnen die M\u00f6glichkeit, gezielt nach Veranstaltungen aus den unterschiedlichen Rechtsgebieten zu suchen. Weitere Details k\u00f6nnen Sie auch unseren Flyern auf der Website der CLP Akademie entnehmen. Haben Sie Interesse an speziell auf Sie zugeschnittenen Seminarkonzepten? Dann sprechen Sie uns gerne an.<\/p>\n<p align=\"justify\">Bitte beachten Sie, dass aufgrund der aktuellen Gef\u00e4hrdungssituation in Folge der Corona-Pandemie derzeit keine Pr\u00e4senzseminare und -lehrg\u00e4nge stattfinden. Dies gilt vorl\u00e4ufig bis einschlie\u00dflich August 2020. Gern k\u00f6nnen Sie sich jedoch \u00fcber unsere Online Webinare und Seminare unter <a href=\"http:\/\/www.clp-online-akademie.de\">www.clp-online-akademie.de<\/a> informieren.<\/p>\n<p align=\"justify\">Bleiben Sie gesund!<\/p>\n<\/div><\/section><\/p><\/div>\n","protected":false},"excerpt":{"rendered":"","protected":false},"author":5,"featured_media":0,"parent":0,"menu_order":0,"comment_status":"closed","ping_status":"closed","template":"","meta":{"_acf_changed":false,"footnotes":""},"class_list":["post-1089","page","type-page","status-publish","hentry"],"acf":[],"yoast_head":"<!-- This site is optimized with the Yoast SEO plugin v27.3 - https:\/\/yoast.com\/product\/yoast-seo-wordpress\/ -->\n<title>Vorstellung Seminare - CLP Akademie<\/title>\n<meta name=\"robots\" content=\"index, follow, max-snippet:-1, max-image-preview:large, max-video-preview:-1\" \/>\n<link rel=\"canonical\" href=\"https:\/\/clp-akademie.de\/wpdata\/vorstellung-seminare\/\" \/>\n<meta property=\"og:locale\" content=\"de_DE\" \/>\n<meta property=\"og:type\" content=\"article\" \/>\n<meta property=\"og:title\" content=\"Vorstellung Seminare - CLP Akademie\" \/>\n<meta property=\"og:url\" content=\"https:\/\/clp-akademie.de\/wpdata\/vorstellung-seminare\/\" \/>\n<meta property=\"og:site_name\" content=\"CLP Akademie\" \/>\n<meta property=\"article:modified_time\" content=\"2020-05-11T12:46:32+00:00\" \/>\n<meta name=\"twitter:card\" content=\"summary_large_image\" \/>\n<meta name=\"twitter:label1\" content=\"Gesch\u00e4tzte Lesezeit\" \/>\n\t<meta name=\"twitter:data1\" content=\"4\u00a0Minuten\" \/>\n<script type=\"application\/ld+json\" class=\"yoast-schema-graph\">{\"@context\":\"https:\\\/\\\/schema.org\",\"@graph\":[{\"@type\":\"WebPage\",\"@id\":\"https:\\\/\\\/clp-akademie.de\\\/wpdata\\\/vorstellung-seminare\\\/\",\"url\":\"https:\\\/\\\/clp-akademie.de\\\/wpdata\\\/vorstellung-seminare\\\/\",\"name\":\"Vorstellung Seminare - CLP Akademie\",\"isPartOf\":{\"@id\":\"https:\\\/\\\/clp-akademie.de\\\/wpdata\\\/#website\"},\"datePublished\":\"2020-05-11T12:46:31+00:00\",\"dateModified\":\"2020-05-11T12:46:32+00:00\",\"breadcrumb\":{\"@id\":\"https:\\\/\\\/clp-akademie.de\\\/wpdata\\\/vorstellung-seminare\\\/#breadcrumb\"},\"inLanguage\":\"de\",\"potentialAction\":[{\"@type\":\"ReadAction\",\"target\":[\"https:\\\/\\\/clp-akademie.de\\\/wpdata\\\/vorstellung-seminare\\\/\"]}]},{\"@type\":\"BreadcrumbList\",\"@id\":\"https:\\\/\\\/clp-akademie.de\\\/wpdata\\\/vorstellung-seminare\\\/#breadcrumb\",\"itemListElement\":[{\"@type\":\"ListItem\",\"position\":1,\"name\":\"Startseite\",\"item\":\"https:\\\/\\\/clp-akademie.de\\\/wpdata\\\/neuland\\\/\"},{\"@type\":\"ListItem\",\"position\":2,\"name\":\"Vorstellung Seminare\"}]},{\"@type\":\"WebSite\",\"@id\":\"https:\\\/\\\/clp-akademie.de\\\/wpdata\\\/#website\",\"url\":\"https:\\\/\\\/clp-akademie.de\\\/wpdata\\\/\",\"name\":\"CLP Akademie\",\"description\":\"Seminar- und Fortbildungsveranstaltungen\",\"potentialAction\":[{\"@type\":\"SearchAction\",\"target\":{\"@type\":\"EntryPoint\",\"urlTemplate\":\"https:\\\/\\\/clp-akademie.de\\\/wpdata\\\/?s={search_term_string}\"},\"query-input\":{\"@type\":\"PropertyValueSpecification\",\"valueRequired\":true,\"valueName\":\"search_term_string\"}}],\"inLanguage\":\"de\"}]}<\/script>\n<!-- \/ Yoast SEO plugin. -->","yoast_head_json":{"title":"Vorstellung Seminare - CLP Akademie","robots":{"index":"index","follow":"follow","max-snippet":"max-snippet:-1","max-image-preview":"max-image-preview:large","max-video-preview":"max-video-preview:-1"},"canonical":"https:\/\/clp-akademie.de\/wpdata\/vorstellung-seminare\/","og_locale":"de_DE","og_type":"article","og_title":"Vorstellung Seminare - CLP Akademie","og_url":"https:\/\/clp-akademie.de\/wpdata\/vorstellung-seminare\/","og_site_name":"CLP Akademie","article_modified_time":"2020-05-11T12:46:32+00:00","twitter_card":"summary_large_image","twitter_misc":{"Gesch\u00e4tzte Lesezeit":"4\u00a0Minuten"},"schema":{"@context":"https:\/\/schema.org","@graph":[{"@type":"WebPage","@id":"https:\/\/clp-akademie.de\/wpdata\/vorstellung-seminare\/","url":"https:\/\/clp-akademie.de\/wpdata\/vorstellung-seminare\/","name":"Vorstellung Seminare - CLP Akademie","isPartOf":{"@id":"https:\/\/clp-akademie.de\/wpdata\/#website"},"datePublished":"2020-05-11T12:46:31+00:00","dateModified":"2020-05-11T12:46:32+00:00","breadcrumb":{"@id":"https:\/\/clp-akademie.de\/wpdata\/vorstellung-seminare\/#breadcrumb"},"inLanguage":"de","potentialAction":[{"@type":"ReadAction","target":["https:\/\/clp-akademie.de\/wpdata\/vorstellung-seminare\/"]}]},{"@type":"BreadcrumbList","@id":"https:\/\/clp-akademie.de\/wpdata\/vorstellung-seminare\/#breadcrumb","itemListElement":[{"@type":"ListItem","position":1,"name":"Startseite","item":"https:\/\/clp-akademie.de\/wpdata\/neuland\/"},{"@type":"ListItem","position":2,"name":"Vorstellung Seminare"}]},{"@type":"WebSite","@id":"https:\/\/clp-akademie.de\/wpdata\/#website","url":"https:\/\/clp-akademie.de\/wpdata\/","name":"CLP Akademie","description":"Seminar- und Fortbildungsveranstaltungen","potentialAction":[{"@type":"SearchAction","target":{"@type":"EntryPoint","urlTemplate":"https:\/\/clp-akademie.de\/wpdata\/?s={search_term_string}"},"query-input":{"@type":"PropertyValueSpecification","valueRequired":true,"valueName":"search_term_string"}}],"inLanguage":"de"}]}},"_links":{"self":[{"href":"https:\/\/clp-akademie.de\/wpdata\/wp-json\/wp\/v2\/pages\/1089","targetHints":{"allow":["GET"]}}],"collection":[{"href":"https:\/\/clp-akademie.de\/wpdata\/wp-json\/wp\/v2\/pages"}],"about":[{"href":"https:\/\/clp-akademie.de\/wpdata\/wp-json\/wp\/v2\/types\/page"}],"author":[{"embeddable":true,"href":"https:\/\/clp-akademie.de\/wpdata\/wp-json\/wp\/v2\/users\/5"}],"replies":[{"embeddable":true,"href":"https:\/\/clp-akademie.de\/wpdata\/wp-json\/wp\/v2\/comments?post=1089"}],"version-history":[{"count":1,"href":"https:\/\/clp-akademie.de\/wpdata\/wp-json\/wp\/v2\/pages\/1089\/revisions"}],"predecessor-version":[{"id":1091,"href":"https:\/\/clp-akademie.de\/wpdata\/wp-json\/wp\/v2\/pages\/1089\/revisions\/1091"}],"wp:attachment":[{"href":"https:\/\/clp-akademie.de\/wpdata\/wp-json\/wp\/v2\/media?parent=1089"}],"curies":[{"name":"wp","href":"https:\/\/api.w.org\/{rel}","templated":true}]}}