{"id":112,"date":"2018-04-26T13:55:56","date_gmt":"2018-04-26T13:55:56","guid":{"rendered":"https:\/\/clp-akademie.de\/wpdata\/?page_id=112"},"modified":"2025-03-04T11:51:50","modified_gmt":"2025-03-04T11:51:50","slug":"impressum","status":"publish","type":"page","link":"https:\/\/clp-akademie.de\/wpdata\/impressum\/","title":{"rendered":"Impressum"},"content":{"rendered":"\n<style type=\"text\/css\" data-created_by=\"avia_inline_auto\" id=\"style-css-av-t3v2w-58f0812ba81db92fdddc3dc0d856c7ef\">\n.flex_column.av-t3v2w-58f0812ba81db92fdddc3dc0d856c7ef{\nborder-radius:0px 0px 0px 0px;\npadding:0px 0px 0px 0px;\n}\n<\/style>\n<div  class='flex_column av-t3v2w-58f0812ba81db92fdddc3dc0d856c7ef av_one_full  avia-builder-el-0  el_before_av_one_fifth  avia-builder-el-first  first flex_column_div av-zero-column-padding  '     ><div  class='avia-slideshow av-jgglelsk-3a53f0a13aff08168e736ee6e1121a61 avia-slideshow-featured av_slideshow avia-slide-slider  avia-builder-el-1  avia-builder-el-no-sibling  av-slideshow-ui av-control-default av-slideshow-manual av-loop-once av-loop-manual-endless av-default-height-applied avia-slideshow-1' data-slideshow-options=\"{&quot;animation&quot;:&quot;slide&quot;,&quot;autoplay&quot;:false,&quot;loop_autoplay&quot;:&quot;once&quot;,&quot;interval&quot;:5,&quot;loop_manual&quot;:&quot;manual-endless&quot;,&quot;autoplay_stopper&quot;:false,&quot;noNavigation&quot;:false,&quot;bg_slider&quot;:false,&quot;keep_padding&quot;:false,&quot;hoverpause&quot;:false,&quot;show_slide_delay&quot;:0}\"  itemprop=\"image\" itemscope=\"itemscope\" itemtype=\"https:\/\/schema.org\/ImageObject\" ><ul class='avia-slideshow-inner ' style='padding-bottom: 28.666666666667%;'><li  class='avia-slideshow-slide av-jgglelsk-3a53f0a13aff08168e736ee6e1121a61__0  av-single-slide slide-1 slide-odd'><div data-rel='slideshow-1' class='avia-slide-wrap '   ><img decoding=\"async\" fetchpriority=\"high\" class=\"wp-image-77 avia-img-lazy-loading-not-77\"  src=\"https:\/\/clp-akademie.de\/wpdata\/wp-content\/uploads\/2018\/04\/Fotolia_111350686_L-1500x430.jpg\" width=\"1500\" height=\"430\" title='D\u00fcsseldorf' alt=''  itemprop=\"thumbnailUrl\"   \/><\/div><\/li><\/ul><\/div><\/div>\n\n<style type=\"text\/css\" data-created_by=\"avia_inline_auto\" id=\"style-css-av-he0co-2f571e5a86c66300ab2a3a3602fe2244\">\n.flex_column.av-he0co-2f571e5a86c66300ab2a3a3602fe2244{\nborder-radius:0px 0px 0px 0px;\npadding:0px 0px 0px 0px;\n}\n<\/style>\n<div  class='flex_column av-he0co-2f571e5a86c66300ab2a3a3602fe2244 av_one_fifth  avia-builder-el-2  el_after_av_one_full  el_before_av_four_fifth  first flex_column_div av-zero-column-padding  column-top-margin'     ><\/div>\n\n<style type=\"text\/css\" data-created_by=\"avia_inline_auto\" id=\"style-css-av-8jiaw-d8fc0fa0c4f5fdfbe3af9a6aa6268201\">\n.flex_column.av-8jiaw-d8fc0fa0c4f5fdfbe3af9a6aa6268201{\nborder-radius:0px 0px 0px 0px;\npadding:0px 0px 0px 0px;\n}\n<\/style>\n<div  class='flex_column av-8jiaw-d8fc0fa0c4f5fdfbe3af9a6aa6268201 av_four_fifth  avia-builder-el-3  el_after_av_one_fifth  el_before_av_hr  flex_column_div av-zero-column-padding  column-top-margin'     ><p>\n<style type=\"text\/css\" data-created_by=\"avia_inline_auto\" id=\"style-css-av-bn0yo-c3e285520ca11eec982863a414183127\">\n#top .av-special-heading.av-bn0yo-c3e285520ca11eec982863a414183127{\npadding-bottom:10px;\n}\nbody .av-special-heading.av-bn0yo-c3e285520ca11eec982863a414183127 .av-special-heading-tag .heading-char{\nfont-size:25px;\n}\n.av-special-heading.av-bn0yo-c3e285520ca11eec982863a414183127 .av-subheading{\nfont-size:15px;\n}\n<\/style>\n<div  class='av-special-heading av-bn0yo-c3e285520ca11eec982863a414183127 av-special-heading-h1  avia-builder-el-4  el_before_av_textblock  avia-builder-el-first '><h1 class='av-special-heading-tag '  itemprop=\"headline\"  >Impressum<\/h1><div class=\"special-heading-border\"><div class=\"special-heading-inner-border\"><\/div><\/div><\/div><br \/>\n\n<style type=\"text\/css\" data-created_by=\"avia_inline_auto\" id=\"style-css-av-jgglx3dw-c2f91bc667167a1b1ae389dc566115eb\">\n#top .av_textblock_section.av-jgglx3dw-c2f91bc667167a1b1ae389dc566115eb .avia_textblock{\nfont-size:15px;\n}\n<\/style>\n<section  class='av_textblock_section av-jgglx3dw-c2f91bc667167a1b1ae389dc566115eb '   itemscope=\"itemscope\" itemtype=\"https:\/\/schema.org\/CreativeWork\" ><div class='avia_textblock'  itemprop=\"text\" ><p><strong> Angaben zur Akademie nach \u00a7 5 DDG <\/strong><\/p>\n<p><strong> Name \/ Rechtsform:<\/strong> CLP Akademie f\u00fcr Vergabe- und Baurecht Schmidt Wittenberg Scheffen GbR<\/p>\n<p><strong> Sitz:<\/strong> D\u00fcsseldorf und Berlin<\/p>\n<p><strong> Gesch\u00e4ftsf\u00fchrer:<\/strong> Carsten Schmidt, LL.M.,\u00a0 Rechtsanwalt, Carsten Wittenberg, Rechtsanwalt, Jacob Scheffen, Rechtsanwalt<\/p>\n<p><strong> B\u00fcro und Anschrift:<\/strong><\/p>\n<p>D\u00fcsseldorf KENNEDYHAUS (Hauptsitz):<\/p>\n<p>Ro\u00dfstra\u00dfe 92, 40476 D\u00fcsseldorf<\/p>\n<p>Tel: +49 (0)211 \u2013 94 25 65 &#8211; 0<\/p>\n<p>Fax: +49 (0)211 \u2013 94 25 65 &#8211; 99<\/p>\n<p>E-mail: <a href=\"mailto:info@clp-akademie.de\" target=\"_blank\" rel=\"noopener noreferrer\" data-auth=\"NotApplicable\">info@clp-akademie.de<\/a><\/p>\n<p>Berlin (Niederlassung):<\/p>\n<p>HGHI TOWER, Bachstra\u00dfe 12, 10555 Berlin<\/p>\n<p>Telefon +49 (0)30 \u2013 5 49 08 72-0<br \/>\nFax +49 (0)30 \u2013 5 49 08 72-99<\/p>\n<p>E-mail: <a href=\"mailto:info@clp-akademie.de\">info@clp-akademie.de<\/a><\/p>\n<p>USt-IdNr.: DE305643785<\/p>\n<p>Rechtsberatungen erfolgen ausschlie\u00dflich \u00fcber die CLP Rechtsanw\u00e4lte<\/p>\n<p><a href=\"https:\/\/ec.europa.eu\/consumers\/odr\/main\/index.cfm?event=main.home2.show&amp;lng=DE\">Klicken Sie hier um zu der Online Streitbeilegungsplatform der EU Kommission zu gelangen<\/a><\/p>\n<p><strong> Bildrechte erworben durch:<\/strong> HSM media systeme GmbH &amp; Co KG f\u00fcr CLP Akademie GbR (Webnutzung) bei fotolia.com, iStockphoto.<\/p>\n<\/div><\/section><\/p><\/div>\n<style type=\"text\/css\" data-created_by=\"avia_inline_auto\" id=\"style-css-av-7otal-881db09804c7d1e2408f8f5cc56330a0\">\n#top .hr.av-7otal-881db09804c7d1e2408f8f5cc56330a0{\nmargin-top:40px;\nmargin-bottom:30px;\n}\n.hr.av-7otal-881db09804c7d1e2408f8f5cc56330a0 .hr-inner{\nwidth:50px;\n}\n<\/style>\n<div  class='hr av-7otal-881db09804c7d1e2408f8f5cc56330a0 hr-custom  avia-builder-el-6  el_after_av_four_fifth  avia-builder-el-last  hr-center hr-icon-no'><span class='hr-inner inner-border-av-border-none'><span class=\"hr-inner-style\"><\/span><\/span><\/div><\/p>\n","protected":false},"excerpt":{"rendered":"","protected":false},"author":1,"featured_media":0,"parent":0,"menu_order":0,"comment_status":"closed","ping_status":"closed","template":"","meta":{"_acf_changed":false,"footnotes":""},"class_list":["post-112","page","type-page","status-publish","hentry"],"acf":[],"yoast_head":"<!-- This site is optimized with the Yoast SEO plugin v27.3 - https:\/\/yoast.com\/product\/yoast-seo-wordpress\/ -->\n<title>Impressum - CLP Akademie<\/title>\n<meta name=\"robots\" content=\"index, follow, max-snippet:-1, max-image-preview:large, max-video-preview:-1\" \/>\n<link rel=\"canonical\" href=\"https:\/\/clp-akademie.de\/wpdata\/impressum\/\" \/>\n<meta property=\"og:locale\" content=\"de_DE\" \/>\n<meta property=\"og:type\" content=\"article\" \/>\n<meta property=\"og:title\" content=\"Impressum - CLP Akademie\" \/>\n<meta property=\"og:url\" content=\"https:\/\/clp-akademie.de\/wpdata\/impressum\/\" \/>\n<meta property=\"og:site_name\" content=\"CLP Akademie\" \/>\n<meta property=\"article:modified_time\" content=\"2025-03-04T11:51:50+00:00\" \/>\n<meta name=\"twitter:card\" content=\"summary_large_image\" \/>\n<meta name=\"twitter:label1\" content=\"Gesch\u00e4tzte Lesezeit\" \/>\n\t<meta name=\"twitter:data1\" content=\"1\u00a0Minute\" \/>\n<script type=\"application\/ld+json\" class=\"yoast-schema-graph\">{\"@context\":\"https:\\\/\\\/schema.org\",\"@graph\":[{\"@type\":\"WebPage\",\"@id\":\"https:\\\/\\\/clp-akademie.de\\\/wpdata\\\/impressum\\\/\",\"url\":\"https:\\\/\\\/clp-akademie.de\\\/wpdata\\\/impressum\\\/\",\"name\":\"Impressum - CLP Akademie\",\"isPartOf\":{\"@id\":\"https:\\\/\\\/clp-akademie.de\\\/wpdata\\\/#website\"},\"datePublished\":\"2018-04-26T13:55:56+00:00\",\"dateModified\":\"2025-03-04T11:51:50+00:00\",\"breadcrumb\":{\"@id\":\"https:\\\/\\\/clp-akademie.de\\\/wpdata\\\/impressum\\\/#breadcrumb\"},\"inLanguage\":\"de\",\"potentialAction\":[{\"@type\":\"ReadAction\",\"target\":[\"https:\\\/\\\/clp-akademie.de\\\/wpdata\\\/impressum\\\/\"]}]},{\"@type\":\"BreadcrumbList\",\"@id\":\"https:\\\/\\\/clp-akademie.de\\\/wpdata\\\/impressum\\\/#breadcrumb\",\"itemListElement\":[{\"@type\":\"ListItem\",\"position\":1,\"name\":\"Startseite\",\"item\":\"https:\\\/\\\/clp-akademie.de\\\/wpdata\\\/neuland\\\/\"},{\"@type\":\"ListItem\",\"position\":2,\"name\":\"Impressum\"}]},{\"@type\":\"WebSite\",\"@id\":\"https:\\\/\\\/clp-akademie.de\\\/wpdata\\\/#website\",\"url\":\"https:\\\/\\\/clp-akademie.de\\\/wpdata\\\/\",\"name\":\"CLP Akademie\",\"description\":\"Seminar- und Fortbildungsveranstaltungen\",\"potentialAction\":[{\"@type\":\"SearchAction\",\"target\":{\"@type\":\"EntryPoint\",\"urlTemplate\":\"https:\\\/\\\/clp-akademie.de\\\/wpdata\\\/?s={search_term_string}\"},\"query-input\":{\"@type\":\"PropertyValueSpecification\",\"valueRequired\":true,\"valueName\":\"search_term_string\"}}],\"inLanguage\":\"de\"}]}<\/script>\n<!-- \/ Yoast SEO plugin. -->","yoast_head_json":{"title":"Impressum - CLP Akademie","robots":{"index":"index","follow":"follow","max-snippet":"max-snippet:-1","max-image-preview":"max-image-preview:large","max-video-preview":"max-video-preview:-1"},"canonical":"https:\/\/clp-akademie.de\/wpdata\/impressum\/","og_locale":"de_DE","og_type":"article","og_title":"Impressum - CLP Akademie","og_url":"https:\/\/clp-akademie.de\/wpdata\/impressum\/","og_site_name":"CLP Akademie","article_modified_time":"2025-03-04T11:51:50+00:00","twitter_card":"summary_large_image","twitter_misc":{"Gesch\u00e4tzte Lesezeit":"1\u00a0Minute"},"schema":{"@context":"https:\/\/schema.org","@graph":[{"@type":"WebPage","@id":"https:\/\/clp-akademie.de\/wpdata\/impressum\/","url":"https:\/\/clp-akademie.de\/wpdata\/impressum\/","name":"Impressum - CLP Akademie","isPartOf":{"@id":"https:\/\/clp-akademie.de\/wpdata\/#website"},"datePublished":"2018-04-26T13:55:56+00:00","dateModified":"2025-03-04T11:51:50+00:00","breadcrumb":{"@id":"https:\/\/clp-akademie.de\/wpdata\/impressum\/#breadcrumb"},"inLanguage":"de","potentialAction":[{"@type":"ReadAction","target":["https:\/\/clp-akademie.de\/wpdata\/impressum\/"]}]},{"@type":"BreadcrumbList","@id":"https:\/\/clp-akademie.de\/wpdata\/impressum\/#breadcrumb","itemListElement":[{"@type":"ListItem","position":1,"name":"Startseite","item":"https:\/\/clp-akademie.de\/wpdata\/neuland\/"},{"@type":"ListItem","position":2,"name":"Impressum"}]},{"@type":"WebSite","@id":"https:\/\/clp-akademie.de\/wpdata\/#website","url":"https:\/\/clp-akademie.de\/wpdata\/","name":"CLP Akademie","description":"Seminar- und Fortbildungsveranstaltungen","potentialAction":[{"@type":"SearchAction","target":{"@type":"EntryPoint","urlTemplate":"https:\/\/clp-akademie.de\/wpdata\/?s={search_term_string}"},"query-input":{"@type":"PropertyValueSpecification","valueRequired":true,"valueName":"search_term_string"}}],"inLanguage":"de"}]}},"_links":{"self":[{"href":"https:\/\/clp-akademie.de\/wpdata\/wp-json\/wp\/v2\/pages\/112","targetHints":{"allow":["GET"]}}],"collection":[{"href":"https:\/\/clp-akademie.de\/wpdata\/wp-json\/wp\/v2\/pages"}],"about":[{"href":"https:\/\/clp-akademie.de\/wpdata\/wp-json\/wp\/v2\/types\/page"}],"author":[{"embeddable":true,"href":"https:\/\/clp-akademie.de\/wpdata\/wp-json\/wp\/v2\/users\/1"}],"replies":[{"embeddable":true,"href":"https:\/\/clp-akademie.de\/wpdata\/wp-json\/wp\/v2\/comments?post=112"}],"version-history":[{"count":17,"href":"https:\/\/clp-akademie.de\/wpdata\/wp-json\/wp\/v2\/pages\/112\/revisions"}],"predecessor-version":[{"id":2510,"href":"https:\/\/clp-akademie.de\/wpdata\/wp-json\/wp\/v2\/pages\/112\/revisions\/2510"}],"wp:attachment":[{"href":"https:\/\/clp-akademie.de\/wpdata\/wp-json\/wp\/v2\/media?parent=112"}],"curies":[{"name":"wp","href":"https:\/\/api.w.org\/{rel}","templated":true}]}}