{"id":121,"date":"2018-04-26T14:26:03","date_gmt":"2018-04-26T14:26:03","guid":{"rendered":"https:\/\/clp-akademie.de\/wpdata\/?page_id=121"},"modified":"2018-06-10T08:06:10","modified_gmt":"2018-06-10T08:06:10","slug":"pflichtangaben","status":"publish","type":"page","link":"https:\/\/clp-akademie.de\/wpdata\/pflichtangaben\/","title":{"rendered":"Pflichtangaben"},"content":{"rendered":"\n<style type=\"text\/css\" data-created_by=\"avia_inline_auto\" id=\"style-css-av-t3v2w-58f0812ba81db92fdddc3dc0d856c7ef\">\n.flex_column.av-t3v2w-58f0812ba81db92fdddc3dc0d856c7ef{\nborder-radius:0px 0px 0px 0px;\npadding:0px 0px 0px 0px;\n}\n<\/style>\n<div  class='flex_column av-t3v2w-58f0812ba81db92fdddc3dc0d856c7ef av_one_full  avia-builder-el-0  el_before_av_one_fifth  avia-builder-el-first  first flex_column_div av-zero-column-padding  '     ><div  class='avia-slideshow av-jgglelsk-3a53f0a13aff08168e736ee6e1121a61 avia-slideshow-featured av_slideshow avia-slide-slider  avia-builder-el-1  avia-builder-el-no-sibling  av-slideshow-ui av-control-default av-slideshow-manual av-loop-once av-loop-manual-endless av-default-height-applied avia-slideshow-1' data-slideshow-options=\"{&quot;animation&quot;:&quot;slide&quot;,&quot;autoplay&quot;:false,&quot;loop_autoplay&quot;:&quot;once&quot;,&quot;interval&quot;:5,&quot;loop_manual&quot;:&quot;manual-endless&quot;,&quot;autoplay_stopper&quot;:false,&quot;noNavigation&quot;:false,&quot;bg_slider&quot;:false,&quot;keep_padding&quot;:false,&quot;hoverpause&quot;:false,&quot;show_slide_delay&quot;:0}\"  itemprop=\"image\" itemscope=\"itemscope\" itemtype=\"https:\/\/schema.org\/ImageObject\" ><ul class='avia-slideshow-inner ' style='padding-bottom: 28.666666666667%;'><li  class='avia-slideshow-slide av-jgglelsk-3a53f0a13aff08168e736ee6e1121a61__0  av-single-slide slide-1 slide-odd'><div data-rel='slideshow-1' class='avia-slide-wrap '   ><img decoding=\"async\" fetchpriority=\"high\" class=\"wp-image-77 avia-img-lazy-loading-not-77\"  src=\"https:\/\/clp-akademie.de\/wpdata\/wp-content\/uploads\/2018\/04\/Fotolia_111350686_L-1500x430.jpg\" width=\"1500\" height=\"430\" title='D\u00fcsseldorf' alt=''  itemprop=\"thumbnailUrl\"   \/><\/div><\/li><\/ul><\/div><\/div>\n\n<style type=\"text\/css\" data-created_by=\"avia_inline_auto\" id=\"style-css-av-he0co-2f571e5a86c66300ab2a3a3602fe2244\">\n.flex_column.av-he0co-2f571e5a86c66300ab2a3a3602fe2244{\nborder-radius:0px 0px 0px 0px;\npadding:0px 0px 0px 0px;\n}\n<\/style>\n<div  class='flex_column av-he0co-2f571e5a86c66300ab2a3a3602fe2244 av_one_fifth  avia-builder-el-2  el_after_av_one_full  el_before_av_four_fifth  first flex_column_div av-zero-column-padding  column-top-margin'     ><\/div>\n\n<style type=\"text\/css\" data-created_by=\"avia_inline_auto\" id=\"style-css-av-8jiaw-d8fc0fa0c4f5fdfbe3af9a6aa6268201\">\n.flex_column.av-8jiaw-d8fc0fa0c4f5fdfbe3af9a6aa6268201{\nborder-radius:0px 0px 0px 0px;\npadding:0px 0px 0px 0px;\n}\n<\/style>\n<div  class='flex_column av-8jiaw-d8fc0fa0c4f5fdfbe3af9a6aa6268201 av_four_fifth  avia-builder-el-3  el_after_av_one_fifth  el_before_av_hr  flex_column_div av-zero-column-padding  column-top-margin'     ><p>\n<style type=\"text\/css\" data-created_by=\"avia_inline_auto\" id=\"style-css-av-av_heading-c92fa3b72234b66b2316d958c25ec223\">\n#top .av-special-heading.av-av_heading-c92fa3b72234b66b2316d958c25ec223{\npadding-bottom:10px;\n}\nbody .av-special-heading.av-av_heading-c92fa3b72234b66b2316d958c25ec223 .av-special-heading-tag .heading-char{\nfont-size:25px;\n}\n.av-special-heading.av-av_heading-c92fa3b72234b66b2316d958c25ec223 .av-subheading{\nfont-size:15px;\n}\n<\/style>\n<div  class='av-special-heading av-av_heading-c92fa3b72234b66b2316d958c25ec223 av-special-heading-h1  avia-builder-el-4  el_before_av_textblock  avia-builder-el-first '><h1 class='av-special-heading-tag '  itemprop=\"headline\"  >Pflichtangaben<\/h1><div class=\"special-heading-border\"><div class=\"special-heading-inner-border\"><\/div><\/div><\/div><br \/>\n\n<style type=\"text\/css\" data-created_by=\"avia_inline_auto\" id=\"style-css-av-jgglx3dw-23c04f46c92a518c1842e3e4684d1873\">\n#top .av_textblock_section.av-jgglx3dw-23c04f46c92a518c1842e3e4684d1873 .avia_textblock{\nfont-size:15px;\n}\n<\/style>\n<section  class='av_textblock_section av-jgglx3dw-23c04f46c92a518c1842e3e4684d1873 '   itemscope=\"itemscope\" itemtype=\"https:\/\/schema.org\/CreativeWork\" ><div class='avia_textblock'  itemprop=\"text\" ><ol>\n<li style=\"text-align: justify;\">Die Informationen auf der Website der CLP Akademie sind ausschlie\u00dflich zur Nutzung durch nat\u00fcrliche oder juristische Personen mit Wohn- oder Gesch\u00e4ftssitz in Deutschland bestimmt. Die CLP Akademie \u00fcbernimmt keine Haftung im Hinblick darauf, dass die Informationen auf dieser Website f\u00fcr die Nutzung an anderen Orten geeignet oder verwendbar sind. Die CLP Akademie \u00fcbernimmt keine Gew\u00e4hr daf\u00fcr, dass sich die auf dieser Website enthaltenen Informationen in \u00dcbereinstimmung mit den Gesetzen au\u00dferhalb Deutschlands befinden.<\/li>\n<li style=\"text-align: justify;\">Die auf dieser Website dargestellten Informationen wurden sorgf\u00e4ltig ausgew\u00e4hlt und recherchiert. Trotz aller Sorgfalt k\u00f6nnen wir jedoch keine Gew\u00e4hr f\u00fcr die Vollst\u00e4ndigkeit, Aktualit\u00e4t und Richtigkeit dieser Informationen \u00fcbernehmen.<\/li>\n<li style=\"text-align: justify;\">Diese Website bietet Links auf andere Internetseiten an. F\u00fcr Inhalt und Gestaltung dieser Internetseiten ist ausschlie\u00dflich der jeweilige Anbieter dieser Seiten verantwortlich. Die CLP Akademie \u00fcbernimmt keine Haftung f\u00fcr solche Anbieter und deren Informationen.<\/li>\n<li style=\"text-align: justify;\">Die Einrichtung eines Hyper- und eines Inline-Links von anderen Websites auf diese Website ist ohne vorherige schriftliche Zustimmung ausdr\u00fccklich untersagt. Insbesondere ist es untersagt, diese Website oder deren Inhalte mittels Hyperlink in einem Teilfenster (Frame) einzubinden oder darzustellen.<\/li>\n<li style=\"text-align: justify;\">Inhalt und Struktur des Internet-Angebots der CLP Akademie sind urheber-, marken-, und wettbewerbsrechtlich gesch\u00fctzt. Urheberrechtshinweise und Markenbezeichnungen d\u00fcrfen weder ver\u00e4ndert noch entfernt werden. Eine kommerzielle Vervielf\u00e4ltigung der Seiten oder ihrer Inhalte, insbesondere die kommerzielle Verwendung von Texten, Textteilen, Bildmaterial oder Software, bedarf der vorherigen schriftlichen Zustimmung der CLP Akademie. Die private, nicht-kommerzielle Nutzung innerhalb des Urheberrechts ist zul\u00e4ssig.<\/li>\n<li style=\"text-align: justify;\">F\u00fcr zum Download bereit gestellte Software \u00fcbernimmt die CLP Akademie au\u00dferhalb entgeltlicher Software\u00fcberlassungsvertr\u00e4ge, die gesondert abzuschlie\u00dfen sind, weder die Gew\u00e4hrleistung noch eine Garantie f\u00fcr die Funktionst\u00fcchtigkeit dieser Software. Die CLP Akademie \u00fcbernimmt auch keine Haftung f\u00fcr etwaige Sch\u00e4den aus der Benutzung der Software, soweit sie nicht vors\u00e4tzlich oder grob fahrl\u00e4ssig verursacht wurden.<\/li>\n<li style=\"text-align: justify;\">Sofern Sie der CLP Akademie pers\u00f6nliche Daten mitteilen, werden diese sorgf\u00e4ltig und entsprechend der datenschutzrechtlichen Bestimmungen behandelt. Bitte beachten Sie diesbez\u00fcglich die Informationen zum -&gt; Datenschutz<\/li>\n<\/ol>\n<\/div><\/section><\/p><\/div>\n<style type=\"text\/css\" data-created_by=\"avia_inline_auto\" id=\"style-css-av-7otal-881db09804c7d1e2408f8f5cc56330a0\">\n#top .hr.av-7otal-881db09804c7d1e2408f8f5cc56330a0{\nmargin-top:40px;\nmargin-bottom:30px;\n}\n.hr.av-7otal-881db09804c7d1e2408f8f5cc56330a0 .hr-inner{\nwidth:50px;\n}\n<\/style>\n<div  class='hr av-7otal-881db09804c7d1e2408f8f5cc56330a0 hr-custom  avia-builder-el-6  el_after_av_four_fifth  avia-builder-el-last  hr-center hr-icon-no'><span class='hr-inner inner-border-av-border-none'><span class=\"hr-inner-style\"><\/span><\/span><\/div><\/p>\n","protected":false},"excerpt":{"rendered":"","protected":false},"author":1,"featured_media":0,"parent":0,"menu_order":0,"comment_status":"closed","ping_status":"closed","template":"","meta":{"_acf_changed":false,"footnotes":""},"class_list":["post-121","page","type-page","status-publish","hentry"],"acf":[],"yoast_head":"<!-- This site is optimized with the Yoast SEO plugin v27.3 - https:\/\/yoast.com\/product\/yoast-seo-wordpress\/ -->\n<title>Pflichtangaben - CLP Akademie<\/title>\n<meta name=\"robots\" content=\"index, follow, max-snippet:-1, max-image-preview:large, max-video-preview:-1\" \/>\n<link rel=\"canonical\" href=\"https:\/\/clp-akademie.de\/wpdata\/pflichtangaben\/\" \/>\n<meta property=\"og:locale\" content=\"de_DE\" \/>\n<meta property=\"og:type\" content=\"article\" \/>\n<meta property=\"og:title\" content=\"Pflichtangaben - CLP Akademie\" \/>\n<meta property=\"og:url\" content=\"https:\/\/clp-akademie.de\/wpdata\/pflichtangaben\/\" \/>\n<meta property=\"og:site_name\" content=\"CLP Akademie\" \/>\n<meta property=\"article:modified_time\" content=\"2018-06-10T08:06:10+00:00\" \/>\n<meta name=\"twitter:card\" content=\"summary_large_image\" \/>\n<meta name=\"twitter:label1\" content=\"Gesch\u00e4tzte Lesezeit\" \/>\n\t<meta name=\"twitter:data1\" content=\"4\u00a0Minuten\" \/>\n<script type=\"application\/ld+json\" class=\"yoast-schema-graph\">{\"@context\":\"https:\\\/\\\/schema.org\",\"@graph\":[{\"@type\":\"WebPage\",\"@id\":\"https:\\\/\\\/clp-akademie.de\\\/wpdata\\\/pflichtangaben\\\/\",\"url\":\"https:\\\/\\\/clp-akademie.de\\\/wpdata\\\/pflichtangaben\\\/\",\"name\":\"Pflichtangaben - CLP Akademie\",\"isPartOf\":{\"@id\":\"https:\\\/\\\/clp-akademie.de\\\/wpdata\\\/#website\"},\"datePublished\":\"2018-04-26T14:26:03+00:00\",\"dateModified\":\"2018-06-10T08:06:10+00:00\",\"breadcrumb\":{\"@id\":\"https:\\\/\\\/clp-akademie.de\\\/wpdata\\\/pflichtangaben\\\/#breadcrumb\"},\"inLanguage\":\"de\",\"potentialAction\":[{\"@type\":\"ReadAction\",\"target\":[\"https:\\\/\\\/clp-akademie.de\\\/wpdata\\\/pflichtangaben\\\/\"]}]},{\"@type\":\"BreadcrumbList\",\"@id\":\"https:\\\/\\\/clp-akademie.de\\\/wpdata\\\/pflichtangaben\\\/#breadcrumb\",\"itemListElement\":[{\"@type\":\"ListItem\",\"position\":1,\"name\":\"Startseite\",\"item\":\"https:\\\/\\\/clp-akademie.de\\\/wpdata\\\/neuland\\\/\"},{\"@type\":\"ListItem\",\"position\":2,\"name\":\"Pflichtangaben\"}]},{\"@type\":\"WebSite\",\"@id\":\"https:\\\/\\\/clp-akademie.de\\\/wpdata\\\/#website\",\"url\":\"https:\\\/\\\/clp-akademie.de\\\/wpdata\\\/\",\"name\":\"CLP Akademie\",\"description\":\"Seminar- und Fortbildungsveranstaltungen\",\"potentialAction\":[{\"@type\":\"SearchAction\",\"target\":{\"@type\":\"EntryPoint\",\"urlTemplate\":\"https:\\\/\\\/clp-akademie.de\\\/wpdata\\\/?s={search_term_string}\"},\"query-input\":{\"@type\":\"PropertyValueSpecification\",\"valueRequired\":true,\"valueName\":\"search_term_string\"}}],\"inLanguage\":\"de\"}]}<\/script>\n<!-- \/ Yoast SEO plugin. -->","yoast_head_json":{"title":"Pflichtangaben - CLP Akademie","robots":{"index":"index","follow":"follow","max-snippet":"max-snippet:-1","max-image-preview":"max-image-preview:large","max-video-preview":"max-video-preview:-1"},"canonical":"https:\/\/clp-akademie.de\/wpdata\/pflichtangaben\/","og_locale":"de_DE","og_type":"article","og_title":"Pflichtangaben - CLP Akademie","og_url":"https:\/\/clp-akademie.de\/wpdata\/pflichtangaben\/","og_site_name":"CLP Akademie","article_modified_time":"2018-06-10T08:06:10+00:00","twitter_card":"summary_large_image","twitter_misc":{"Gesch\u00e4tzte Lesezeit":"4\u00a0Minuten"},"schema":{"@context":"https:\/\/schema.org","@graph":[{"@type":"WebPage","@id":"https:\/\/clp-akademie.de\/wpdata\/pflichtangaben\/","url":"https:\/\/clp-akademie.de\/wpdata\/pflichtangaben\/","name":"Pflichtangaben - CLP Akademie","isPartOf":{"@id":"https:\/\/clp-akademie.de\/wpdata\/#website"},"datePublished":"2018-04-26T14:26:03+00:00","dateModified":"2018-06-10T08:06:10+00:00","breadcrumb":{"@id":"https:\/\/clp-akademie.de\/wpdata\/pflichtangaben\/#breadcrumb"},"inLanguage":"de","potentialAction":[{"@type":"ReadAction","target":["https:\/\/clp-akademie.de\/wpdata\/pflichtangaben\/"]}]},{"@type":"BreadcrumbList","@id":"https:\/\/clp-akademie.de\/wpdata\/pflichtangaben\/#breadcrumb","itemListElement":[{"@type":"ListItem","position":1,"name":"Startseite","item":"https:\/\/clp-akademie.de\/wpdata\/neuland\/"},{"@type":"ListItem","position":2,"name":"Pflichtangaben"}]},{"@type":"WebSite","@id":"https:\/\/clp-akademie.de\/wpdata\/#website","url":"https:\/\/clp-akademie.de\/wpdata\/","name":"CLP Akademie","description":"Seminar- und Fortbildungsveranstaltungen","potentialAction":[{"@type":"SearchAction","target":{"@type":"EntryPoint","urlTemplate":"https:\/\/clp-akademie.de\/wpdata\/?s={search_term_string}"},"query-input":{"@type":"PropertyValueSpecification","valueRequired":true,"valueName":"search_term_string"}}],"inLanguage":"de"}]}},"_links":{"self":[{"href":"https:\/\/clp-akademie.de\/wpdata\/wp-json\/wp\/v2\/pages\/121","targetHints":{"allow":["GET"]}}],"collection":[{"href":"https:\/\/clp-akademie.de\/wpdata\/wp-json\/wp\/v2\/pages"}],"about":[{"href":"https:\/\/clp-akademie.de\/wpdata\/wp-json\/wp\/v2\/types\/page"}],"author":[{"embeddable":true,"href":"https:\/\/clp-akademie.de\/wpdata\/wp-json\/wp\/v2\/users\/1"}],"replies":[{"embeddable":true,"href":"https:\/\/clp-akademie.de\/wpdata\/wp-json\/wp\/v2\/comments?post=121"}],"version-history":[{"count":4,"href":"https:\/\/clp-akademie.de\/wpdata\/wp-json\/wp\/v2\/pages\/121\/revisions"}],"predecessor-version":[{"id":412,"href":"https:\/\/clp-akademie.de\/wpdata\/wp-json\/wp\/v2\/pages\/121\/revisions\/412"}],"wp:attachment":[{"href":"https:\/\/clp-akademie.de\/wpdata\/wp-json\/wp\/v2\/media?parent=121"}],"curies":[{"name":"wp","href":"https:\/\/api.w.org\/{rel}","templated":true}]}}