{"id":1356,"date":"2020-10-06T21:24:21","date_gmt":"2020-10-06T21:24:21","guid":{"rendered":"https:\/\/clp-akademie.de\/wpdata\/?page_id=1356"},"modified":"2020-10-06T21:24:22","modified_gmt":"2020-10-06T21:24:22","slug":"frederike-covolo","status":"publish","type":"page","link":"https:\/\/clp-akademie.de\/wpdata\/referenten\/frederike-covolo\/","title":{"rendered":"Frederike Covolo"},"content":{"rendered":"\n<style type=\"text\/css\" data-created_by=\"avia_inline_auto\" id=\"style-css-av-svpy6-7d3a0fb2a69bd2b03efc619815f78185\">\n.flex_column.av-svpy6-7d3a0fb2a69bd2b03efc619815f78185{\nborder-radius:0px 0px 0px 0px;\npadding:0px 0px 0px 0px;\n}\n<\/style>\n<div  class='flex_column av-svpy6-7d3a0fb2a69bd2b03efc619815f78185 av_one_half  avia-builder-el-0  el_before_av_one_half  avia-builder-el-first  first flex_column_div av-zero-column-padding  '     ><style type=\"text\/css\" data-created_by=\"avia_inline_auto\" id=\"style-css-av-jgl8g7em-3a6b3d03acbdd5d52759062442890ab6\">\n.avia-image-container.av-jgl8g7em-3a6b3d03acbdd5d52759062442890ab6 img.avia_image{\nbox-shadow:none;\n}\n.avia-image-container.av-jgl8g7em-3a6b3d03acbdd5d52759062442890ab6 .av-image-caption-overlay-center{\ncolor:#ffffff;\n}\n<\/style>\n<div  class='avia-image-container av-jgl8g7em-3a6b3d03acbdd5d52759062442890ab6 av-styling- avia-align-center  avia-builder-el-1  avia-builder-el-no-sibling '   itemprop=\"image\" itemscope=\"itemscope\" itemtype=\"https:\/\/schema.org\/ImageObject\" ><div class=\"avia-image-container-inner\"><div class=\"avia-image-overlay-wrap\"><img decoding=\"async\" fetchpriority=\"high\" class='wp-image-1354 avia-img-lazy-loading-not-1354 avia_image ' src=\"https:\/\/clp-akademie.de\/wpdata\/wp-content\/uploads\/2020\/10\/Frederike_Covolo_2-1030x683.jpg\" alt='' title='Frederike Covolo'  height=\"683\" width=\"1030\"  itemprop=\"thumbnailUrl\" srcset=\"https:\/\/clp-akademie.de\/wpdata\/wp-content\/uploads\/2020\/10\/Frederike_Covolo_2-1030x683.jpg 1030w, https:\/\/clp-akademie.de\/wpdata\/wp-content\/uploads\/2020\/10\/Frederike_Covolo_2-300x199.jpg 300w, https:\/\/clp-akademie.de\/wpdata\/wp-content\/uploads\/2020\/10\/Frederike_Covolo_2-768x510.jpg 768w, https:\/\/clp-akademie.de\/wpdata\/wp-content\/uploads\/2020\/10\/Frederike_Covolo_2-1536x1019.jpg 1536w, https:\/\/clp-akademie.de\/wpdata\/wp-content\/uploads\/2020\/10\/Frederike_Covolo_2-1500x995.jpg 1500w, https:\/\/clp-akademie.de\/wpdata\/wp-content\/uploads\/2020\/10\/Frederike_Covolo_2-705x468.jpg 705w, https:\/\/clp-akademie.de\/wpdata\/wp-content\/uploads\/2020\/10\/Frederike_Covolo_2-450x299.jpg 450w, https:\/\/clp-akademie.de\/wpdata\/wp-content\/uploads\/2020\/10\/Frederike_Covolo_2.jpg 2000w\" sizes=\"(max-width: 1030px) 100vw, 1030px\" \/><\/div><\/div><\/div><\/div>\n<style type=\"text\/css\" data-created_by=\"avia_inline_auto\" id=\"style-css-av-m6hja-3ec476d4a37b1a3207c08e500073b50c\">\n.flex_column.av-m6hja-3ec476d4a37b1a3207c08e500073b50c{\nborder-radius:0px 0px 0px 0px;\npadding:0px 0px 0px 0px;\n}\n<\/style>\n<div  class='flex_column av-m6hja-3ec476d4a37b1a3207c08e500073b50c av_one_half  avia-builder-el-2  el_after_av_one_half  el_before_av_hr  flex_column_div av-zero-column-padding  '     ><style type=\"text\/css\" data-created_by=\"avia_inline_auto\" id=\"style-css-av-kfygzjf6-6960b8d23bc1a97bbb81d5bb0935623b\">\n#top .av-special-heading.av-kfygzjf6-6960b8d23bc1a97bbb81d5bb0935623b{\npadding-bottom:20px;\n}\nbody .av-special-heading.av-kfygzjf6-6960b8d23bc1a97bbb81d5bb0935623b .av-special-heading-tag .heading-char{\nfont-size:25px;\n}\n.av-special-heading.av-kfygzjf6-6960b8d23bc1a97bbb81d5bb0935623b .av-subheading{\nfont-size:18px;\n}\n<\/style>\n<div  class='av-special-heading av-kfygzjf6-6960b8d23bc1a97bbb81d5bb0935623b av-special-heading-h1 blockquote modern-quote  avia-builder-el-3  avia-builder-el-no-sibling '><h1 class='av-special-heading-tag '  itemprop=\"headline\"  >Frederike Covolo<\/h1><div class='av-subheading av-subheading_below'><p>Referentin<\/p>\n<\/div><div class=\"special-heading-border\"><div class=\"special-heading-inner-border\"><\/div><\/div><\/div><\/div>\n<style type=\"text\/css\" data-created_by=\"avia_inline_auto\" id=\"style-css-av-jggsir2w-fd65b7a4ab2e2f60caf0b683557b7656\">\n#top .hr.av-jggsir2w-fd65b7a4ab2e2f60caf0b683557b7656{\nmargin-top:10px;\nmargin-bottom:10px;\n}\n.hr.av-jggsir2w-fd65b7a4ab2e2f60caf0b683557b7656 .hr-inner{\nwidth:100%;\n}\n<\/style>\n<div  class='hr av-jggsir2w-fd65b7a4ab2e2f60caf0b683557b7656 hr-custom  avia-builder-el-4  el_after_av_one_half  el_before_av_one_half  hr-left hr-icon-no'><span class='hr-inner inner-border-av-border-thin'><span class=\"hr-inner-style\"><\/span><\/span><\/div><\/p>\n\n<style type=\"text\/css\" data-created_by=\"avia_inline_auto\" id=\"style-css-av-1qva6-a7ca88b31e358263f4adc5770a3cf168\">\n.flex_column.av-1qva6-a7ca88b31e358263f4adc5770a3cf168{\nborder-radius:0px 0px 0px 0px;\npadding:0px 0px 0px 0px;\n}\n<\/style>\n<div  class='flex_column av-1qva6-a7ca88b31e358263f4adc5770a3cf168 av_one_half  avia-builder-el-5  el_after_av_hr  el_before_av_one_half  first flex_column_div av-zero-column-padding  '     ><style type=\"text\/css\" data-created_by=\"avia_inline_auto\" id=\"style-css-av-jgl8fko0-6e4fc59b6e1726009a73a829f7a1493f\">\n#top .av_textblock_section.av-jgl8fko0-6e4fc59b6e1726009a73a829f7a1493f .avia_textblock{\nfont-size:18px;\n}\n<\/style>\n<section  class='av_textblock_section av-jgl8fko0-6e4fc59b6e1726009a73a829f7a1493f '   itemscope=\"itemscope\" itemtype=\"https:\/\/schema.org\/CreativeWork\" ><div class='avia_textblock'  itemprop=\"text\" ><p style=\"text-align: justify;\">Frederike Covolo ber\u00e4t unsere Mandanten auf den Gebieten des nationalen und europ\u00e4ischen Vergaberechts, des Baurechts sowie des Architekten- und Ingenieurrechts.<\/p>\n<p style=\"text-align: justify;\">Zu ihrer vergaberechtlichen T\u00e4tigkeit geh\u00f6rt auf Auftraggeberseite die Vorbereitung und Durchf\u00fchrung nationaler und europaweiter Ausschreibungen. Zudem unterst\u00fctzt sie auftragsinteressierte Unternehmen, beispielsweise bei der Zusammenstellung von Teilnahme- und Angebotsunterlagen sowie bei der Geltendmachung von Vergaberechtsverst\u00f6\u00dfen.<\/p>\n<p style=\"text-align: justify;\">Im Bereich des Bau- und Architektenrechts ber\u00e4t und vertritt sie sowohl Auftraggeber als auch Bauauftragnehmer sowie Architekten und Ingenieure. Sie vertritt unsere Mandanten ferner in der Prozessf\u00fchrung und bei der au\u00dfergerichtlichen Streitbeilegung.<\/p>\n<\/div><\/section><\/div>\n<style type=\"text\/css\" data-created_by=\"avia_inline_auto\" id=\"style-css-av-amhge-93332cacc2379581e3eef87f1c92aa69\">\n.flex_column.av-amhge-93332cacc2379581e3eef87f1c92aa69{\nborder-radius:0px 0px 0px 0px;\npadding:0px 0px 0px 0px;\n}\n<\/style>\n<div  class='flex_column av-amhge-93332cacc2379581e3eef87f1c92aa69 av_one_half  avia-builder-el-7  el_after_av_one_half  avia-builder-el-last  flex_column_div av-zero-column-padding  '     ><p>\n<style type=\"text\/css\" data-created_by=\"avia_inline_auto\" id=\"style-css-av-jgl8cb7a-607801fbacaadbbf0394064760da8a0c\">\n#top .hr.hr-invisible.av-jgl8cb7a-607801fbacaadbbf0394064760da8a0c{\nheight:20px;\n}\n<\/style>\n<div  class='hr av-jgl8cb7a-607801fbacaadbbf0394064760da8a0c hr-invisible  avia-builder-el-8  el_before_av_textblock  avia-builder-el-first '><span class='hr-inner '><span class=\"hr-inner-style\"><\/span><\/span><\/div><br \/>\n\n<style type=\"text\/css\" data-created_by=\"avia_inline_auto\" id=\"style-css-av-jgl8dkbk-a855c37f46fb803a776529805e4a3d53\">\n#top .av_textblock_section.av-jgl8dkbk-a855c37f46fb803a776529805e4a3d53 .avia_textblock{\nfont-size:18px;\n}\n<\/style>\n<section  class='av_textblock_section av-jgl8dkbk-a855c37f46fb803a776529805e4a3d53 '   itemscope=\"itemscope\" itemtype=\"https:\/\/schema.org\/CreativeWork\" ><div class='avia_textblock'  itemprop=\"text\" ><h3>Kurzbiografie<\/h3>\n<p>Studium der Rechtswissenschaften, Universit\u00e4t Potsdam<br \/>\nReferendariat in Berlin und Speyer<\/p>\n<p>Sprachen: Deutsch, Englisch<\/p>\n<\/div><\/section><br \/>\n\n<style type=\"text\/css\" data-created_by=\"avia_inline_auto\" id=\"style-css-av-jgl8cb7a-607801fbacaadbbf0394064760da8a0c\">\n#top .hr.hr-invisible.av-jgl8cb7a-607801fbacaadbbf0394064760da8a0c{\nheight:20px;\n}\n<\/style>\n<div  class='hr av-jgl8cb7a-607801fbacaadbbf0394064760da8a0c hr-invisible  avia-builder-el-10  el_after_av_textblock  el_before_av_textblock '><span class='hr-inner '><span class=\"hr-inner-style\"><\/span><\/span><\/div><br \/>\n\n<style type=\"text\/css\" data-created_by=\"avia_inline_auto\" id=\"style-css-av-jgl8euhg-6d4d73277c60e7fbe9940312c2cf44f3\">\n#top .av_textblock_section.av-jgl8euhg-6d4d73277c60e7fbe9940312c2cf44f3 .avia_textblock{\nfont-size:18px;\n}\n<\/style>\n<section  class='av_textblock_section av-jgl8euhg-6d4d73277c60e7fbe9940312c2cf44f3 '   itemscope=\"itemscope\" itemtype=\"https:\/\/schema.org\/CreativeWork\" ><div class='avia_textblock'  itemprop=\"text\" ><h3>T\u00e4tigkeitsschwerpunkte<\/h3>\n<p>Privates Baurecht<\/p>\n<p>Architekten- und Ingenieurrecht<\/p>\n<p>Vergaberecht<\/p>\n<\/div><\/section><\/p><\/div><\/p>\n","protected":false},"excerpt":{"rendered":"","protected":false},"author":1,"featured_media":0,"parent":211,"menu_order":0,"comment_status":"closed","ping_status":"closed","template":"","meta":{"_acf_changed":false,"footnotes":""},"class_list":["post-1356","page","type-page","status-publish","hentry"],"acf":[],"yoast_head":"<!-- This site is optimized with the Yoast SEO plugin v27.3 - https:\/\/yoast.com\/product\/yoast-seo-wordpress\/ -->\n<title>Frederike Covolo - CLP Akademie<\/title>\n<meta name=\"robots\" content=\"index, follow, max-snippet:-1, max-image-preview:large, max-video-preview:-1\" \/>\n<link rel=\"canonical\" href=\"https:\/\/clp-akademie.de\/wpdata\/referenten\/frederike-covolo\/\" \/>\n<meta property=\"og:locale\" content=\"de_DE\" \/>\n<meta property=\"og:type\" content=\"article\" \/>\n<meta property=\"og:title\" content=\"Frederike Covolo - CLP Akademie\" \/>\n<meta property=\"og:url\" content=\"https:\/\/clp-akademie.de\/wpdata\/referenten\/frederike-covolo\/\" \/>\n<meta property=\"og:site_name\" content=\"CLP Akademie\" \/>\n<meta property=\"article:modified_time\" content=\"2020-10-06T21:24:22+00:00\" \/>\n<meta name=\"twitter:card\" content=\"summary_large_image\" \/>\n<meta name=\"twitter:label1\" content=\"Gesch\u00e4tzte Lesezeit\" \/>\n\t<meta name=\"twitter:data1\" content=\"4\u00a0Minuten\" \/>\n<script type=\"application\/ld+json\" class=\"yoast-schema-graph\">{\"@context\":\"https:\\\/\\\/schema.org\",\"@graph\":[{\"@type\":\"WebPage\",\"@id\":\"https:\\\/\\\/clp-akademie.de\\\/wpdata\\\/referenten\\\/frederike-covolo\\\/\",\"url\":\"https:\\\/\\\/clp-akademie.de\\\/wpdata\\\/referenten\\\/frederike-covolo\\\/\",\"name\":\"Frederike Covolo - CLP Akademie\",\"isPartOf\":{\"@id\":\"https:\\\/\\\/clp-akademie.de\\\/wpdata\\\/#website\"},\"datePublished\":\"2020-10-06T21:24:21+00:00\",\"dateModified\":\"2020-10-06T21:24:22+00:00\",\"breadcrumb\":{\"@id\":\"https:\\\/\\\/clp-akademie.de\\\/wpdata\\\/referenten\\\/frederike-covolo\\\/#breadcrumb\"},\"inLanguage\":\"de\",\"potentialAction\":[{\"@type\":\"ReadAction\",\"target\":[\"https:\\\/\\\/clp-akademie.de\\\/wpdata\\\/referenten\\\/frederike-covolo\\\/\"]}]},{\"@type\":\"BreadcrumbList\",\"@id\":\"https:\\\/\\\/clp-akademie.de\\\/wpdata\\\/referenten\\\/frederike-covolo\\\/#breadcrumb\",\"itemListElement\":[{\"@type\":\"ListItem\",\"position\":1,\"name\":\"Startseite\",\"item\":\"https:\\\/\\\/clp-akademie.de\\\/wpdata\\\/neuland\\\/\"},{\"@type\":\"ListItem\",\"position\":2,\"name\":\"Referenten\",\"item\":\"https:\\\/\\\/clp-akademie.de\\\/wpdata\\\/referenten\\\/\"},{\"@type\":\"ListItem\",\"position\":3,\"name\":\"Frederike Covolo\"}]},{\"@type\":\"WebSite\",\"@id\":\"https:\\\/\\\/clp-akademie.de\\\/wpdata\\\/#website\",\"url\":\"https:\\\/\\\/clp-akademie.de\\\/wpdata\\\/\",\"name\":\"CLP Akademie\",\"description\":\"Seminar- und Fortbildungsveranstaltungen\",\"potentialAction\":[{\"@type\":\"SearchAction\",\"target\":{\"@type\":\"EntryPoint\",\"urlTemplate\":\"https:\\\/\\\/clp-akademie.de\\\/wpdata\\\/?s={search_term_string}\"},\"query-input\":{\"@type\":\"PropertyValueSpecification\",\"valueRequired\":true,\"valueName\":\"search_term_string\"}}],\"inLanguage\":\"de\"}]}<\/script>\n<!-- \/ Yoast SEO plugin. -->","yoast_head_json":{"title":"Frederike Covolo - CLP Akademie","robots":{"index":"index","follow":"follow","max-snippet":"max-snippet:-1","max-image-preview":"max-image-preview:large","max-video-preview":"max-video-preview:-1"},"canonical":"https:\/\/clp-akademie.de\/wpdata\/referenten\/frederike-covolo\/","og_locale":"de_DE","og_type":"article","og_title":"Frederike Covolo - CLP Akademie","og_url":"https:\/\/clp-akademie.de\/wpdata\/referenten\/frederike-covolo\/","og_site_name":"CLP Akademie","article_modified_time":"2020-10-06T21:24:22+00:00","twitter_card":"summary_large_image","twitter_misc":{"Gesch\u00e4tzte Lesezeit":"4\u00a0Minuten"},"schema":{"@context":"https:\/\/schema.org","@graph":[{"@type":"WebPage","@id":"https:\/\/clp-akademie.de\/wpdata\/referenten\/frederike-covolo\/","url":"https:\/\/clp-akademie.de\/wpdata\/referenten\/frederike-covolo\/","name":"Frederike Covolo - CLP Akademie","isPartOf":{"@id":"https:\/\/clp-akademie.de\/wpdata\/#website"},"datePublished":"2020-10-06T21:24:21+00:00","dateModified":"2020-10-06T21:24:22+00:00","breadcrumb":{"@id":"https:\/\/clp-akademie.de\/wpdata\/referenten\/frederike-covolo\/#breadcrumb"},"inLanguage":"de","potentialAction":[{"@type":"ReadAction","target":["https:\/\/clp-akademie.de\/wpdata\/referenten\/frederike-covolo\/"]}]},{"@type":"BreadcrumbList","@id":"https:\/\/clp-akademie.de\/wpdata\/referenten\/frederike-covolo\/#breadcrumb","itemListElement":[{"@type":"ListItem","position":1,"name":"Startseite","item":"https:\/\/clp-akademie.de\/wpdata\/neuland\/"},{"@type":"ListItem","position":2,"name":"Referenten","item":"https:\/\/clp-akademie.de\/wpdata\/referenten\/"},{"@type":"ListItem","position":3,"name":"Frederike Covolo"}]},{"@type":"WebSite","@id":"https:\/\/clp-akademie.de\/wpdata\/#website","url":"https:\/\/clp-akademie.de\/wpdata\/","name":"CLP Akademie","description":"Seminar- und Fortbildungsveranstaltungen","potentialAction":[{"@type":"SearchAction","target":{"@type":"EntryPoint","urlTemplate":"https:\/\/clp-akademie.de\/wpdata\/?s={search_term_string}"},"query-input":{"@type":"PropertyValueSpecification","valueRequired":true,"valueName":"search_term_string"}}],"inLanguage":"de"}]}},"_links":{"self":[{"href":"https:\/\/clp-akademie.de\/wpdata\/wp-json\/wp\/v2\/pages\/1356","targetHints":{"allow":["GET"]}}],"collection":[{"href":"https:\/\/clp-akademie.de\/wpdata\/wp-json\/wp\/v2\/pages"}],"about":[{"href":"https:\/\/clp-akademie.de\/wpdata\/wp-json\/wp\/v2\/types\/page"}],"author":[{"embeddable":true,"href":"https:\/\/clp-akademie.de\/wpdata\/wp-json\/wp\/v2\/users\/1"}],"replies":[{"embeddable":true,"href":"https:\/\/clp-akademie.de\/wpdata\/wp-json\/wp\/v2\/comments?post=1356"}],"version-history":[{"count":1,"href":"https:\/\/clp-akademie.de\/wpdata\/wp-json\/wp\/v2\/pages\/1356\/revisions"}],"predecessor-version":[{"id":1357,"href":"https:\/\/clp-akademie.de\/wpdata\/wp-json\/wp\/v2\/pages\/1356\/revisions\/1357"}],"up":[{"embeddable":true,"href":"https:\/\/clp-akademie.de\/wpdata\/wp-json\/wp\/v2\/pages\/211"}],"wp:attachment":[{"href":"https:\/\/clp-akademie.de\/wpdata\/wp-json\/wp\/v2\/media?parent=1356"}],"curies":[{"name":"wp","href":"https:\/\/api.w.org\/{rel}","templated":true}]}}