{"id":1664,"date":"2021-02-24T12:52:45","date_gmt":"2021-02-24T12:52:45","guid":{"rendered":"https:\/\/clp-akademie.de\/wpdata\/?page_id=1664"},"modified":"2021-02-24T12:52:47","modified_gmt":"2021-02-24T12:52:47","slug":"bayern","status":"publish","type":"page","link":"https:\/\/clp-akademie.de\/wpdata\/bayern\/","title":{"rendered":"Bayern"},"content":{"rendered":"\n<style type=\"text\/css\" data-created_by=\"avia_inline_auto\" id=\"style-css-av-3aul0v-bfef348f49fee7f523682cf11cb8c085\">\n.flex_column.av-3aul0v-bfef348f49fee7f523682cf11cb8c085{\nborder-radius:0px 0px 0px 0px;\npadding:0px 0px 0px 0px;\n}\n<\/style>\n<div  class='flex_column av-3aul0v-bfef348f49fee7f523682cf11cb8c085 av_one_full  avia-builder-el-0  avia-builder-el-no-sibling  first flex_column_div av-zero-column-padding  '     ><section  class='av_textblock_section av-kli8j6s1-6cf301e61cffe4826b5caa412f216fbf '   itemscope=\"itemscope\" itemtype=\"https:\/\/schema.org\/CreativeWork\" ><div class='avia_textblock'  itemprop=\"text\" ><h3>Bayern<\/h3>\n<\/div><\/section><br \/>\n<section  class='av_textblock_section av-kli6glup-c365b5b8bd71f542cdcb26182b0e1f8e '   itemscope=\"itemscope\" itemtype=\"https:\/\/schema.org\/CreativeWork\" ><div class='avia_textblock'  itemprop=\"text\" ><p>Unsere diesj\u00e4hrige Bildungsoffensive beinhaltet Intensivschulungen zu jeweils s\u00e4mtlichen <u>Landesvergabegesetzen<\/u> bzw. den landesgesetzlichen Vorgaben unter besonderer Ber\u00fccksichtigung der \u201eCorona-bedingten\u201c Ausnahmevorschriften<\/p>\n<p>Die jeweiligen Intensiv-Webinare bieten einen vertieften Einblick in die entsprechenden landesrechtlichen Vorgaben und er\u00f6rtert diese praxisrelevant und schwerpunktbasiert, wobei wir aufgrund der aktuellen Lage auch auf \u201eCorona-bedingte\u201c Besonderheiten eingehen.<\/p>\n<p>Gleichzeitig erfolgt ein Einblick in die \u2013 f\u00fcr die Praxis \u2013 wichtigsten Vorgaben der UVgO bzw. der VOL\/A:<\/p>\n<ul>\n<li>Bayerische Haushaltsordnung (BayHO) sowie Verwaltungsvorschrift hierzu<\/li>\n<li>Mittelstandsf\u00f6rderungsgesetz (MFG)<\/li>\n<li>Verwaltungsvorschrift (VV\u00f6A) vom 24. M\u00e4rz 2020, Az. B II 2 &#8211; G17\/17 \u2013 2 (Corona-VV)<\/li>\n<li>Bayerische Nachpr\u00fcfungsverordnung (BayNpV)<\/li>\n<li>Richtlinien (Korruptionsbek\u00e4mpfung, Umwelt sowie R\u00fcckforderung von Zuwendungen bei schweren Vergabeverst\u00f6\u00dfen)<\/li>\n<\/ul>\n<\/div><\/section><br \/>\n<section  class='av_textblock_section av-kli8j6s1-6cf301e61cffe4826b5caa412f216fbf '   itemscope=\"itemscope\" itemtype=\"https:\/\/schema.org\/CreativeWork\" ><div class='avia_textblock'  itemprop=\"text\" ><h3>Verf\u00fcgbare Termine:<\/h3>\n<\/div><\/section><br \/>\n<section  class='av_textblock_section av-kli2269d-38cbb34b0de4419cc6a1eee189f827ce '   itemscope=\"itemscope\" itemtype=\"https:\/\/schema.org\/CreativeWork\" ><div class='avia_textblock'  itemprop=\"text\" ><p><code><table class='eme_events_list'>\n<thead>\n<tr><th>Titel<\/th>\n<th class=\"text-center\">Datum<\/th>\n<th>Ort<\/th>\n<th><\/th>\n<th><\/th><\/tr>\n<\/thead>\n<tbody>\n<tr class=\"rowspacer\"><td colspan=\"5\"><\/td><\/tr><tr data-title=\"CLP Sonderveranstaltung zum Direktauftrag &#8211; Bayern\" data-town=\"\" data-startdate=\"25.06.2026\"><td><a href='https:\/\/clp-akademie.de\/wpdata\/events\/clp-sonderveranstaltung-zum-direktauftrag-bayern-2\/'  title='CLP Sonderveranstaltung zum Direktauftrag - Bayern'>CLP Sonderveranstaltung zum Direktauftrag &#8211; Bayern<\/a><\/td>\n<td class=\"text-center\">25.06.2026<\/td>\n<td><\/td>\n<td><a href=\"https:\/\/clp-akademie.de\/wpdata\/wp-content\/uploads\/2026\/02\/CLP-Sonderveranstaltungsflyer-Bayern.pdf\" target=\"_blank\">PDF<\/a><\/td>\n<td class=\"text-center\"><a href=\"https:\/\/clp-akademie.de\/wpdata\/events\/clp-sonderveranstaltung-zum-direktauftrag-bayern-2\/\" class=\"avia-button   avia-icon_select-no avia-color-theme-color avia-size-small avia-position-center \">\n<span class=\"avia_iconbox_title\">Anmelden<\/span>\n<\/a><\/td><\/tr><\/tbody>\n<\/table><\/code><\/p>\n<\/div><\/section><\/p><\/div>\n","protected":false},"excerpt":{"rendered":"","protected":false},"author":5,"featured_media":0,"parent":0,"menu_order":0,"comment_status":"closed","ping_status":"closed","template":"","meta":{"_acf_changed":false,"footnotes":""},"class_list":["post-1664","page","type-page","status-publish","hentry"],"acf":[],"yoast_head":"<!-- This site is optimized with the Yoast SEO plugin v27.3 - https:\/\/yoast.com\/product\/yoast-seo-wordpress\/ -->\n<title>Bayern - CLP Akademie<\/title>\n<meta name=\"robots\" content=\"index, follow, max-snippet:-1, max-image-preview:large, max-video-preview:-1\" \/>\n<link rel=\"canonical\" href=\"https:\/\/clp-akademie.de\/wpdata\/bayern\/\" \/>\n<meta property=\"og:locale\" content=\"de_DE\" \/>\n<meta property=\"og:type\" content=\"article\" \/>\n<meta property=\"og:title\" content=\"Bayern - CLP Akademie\" \/>\n<meta property=\"og:url\" content=\"https:\/\/clp-akademie.de\/wpdata\/bayern\/\" \/>\n<meta property=\"og:site_name\" content=\"CLP Akademie\" \/>\n<meta property=\"article:modified_time\" content=\"2021-02-24T12:52:47+00:00\" \/>\n<meta name=\"twitter:card\" content=\"summary_large_image\" \/>\n<meta name=\"twitter:label1\" content=\"Gesch\u00e4tzte Lesezeit\" \/>\n\t<meta name=\"twitter:data1\" content=\"1\u00a0Minute\" \/>\n<script type=\"application\/ld+json\" class=\"yoast-schema-graph\">{\"@context\":\"https:\\\/\\\/schema.org\",\"@graph\":[{\"@type\":\"WebPage\",\"@id\":\"https:\\\/\\\/clp-akademie.de\\\/wpdata\\\/bayern\\\/\",\"url\":\"https:\\\/\\\/clp-akademie.de\\\/wpdata\\\/bayern\\\/\",\"name\":\"Bayern - CLP Akademie\",\"isPartOf\":{\"@id\":\"https:\\\/\\\/clp-akademie.de\\\/wpdata\\\/#website\"},\"datePublished\":\"2021-02-24T12:52:45+00:00\",\"dateModified\":\"2021-02-24T12:52:47+00:00\",\"breadcrumb\":{\"@id\":\"https:\\\/\\\/clp-akademie.de\\\/wpdata\\\/bayern\\\/#breadcrumb\"},\"inLanguage\":\"de\",\"potentialAction\":[{\"@type\":\"ReadAction\",\"target\":[\"https:\\\/\\\/clp-akademie.de\\\/wpdata\\\/bayern\\\/\"]}]},{\"@type\":\"BreadcrumbList\",\"@id\":\"https:\\\/\\\/clp-akademie.de\\\/wpdata\\\/bayern\\\/#breadcrumb\",\"itemListElement\":[{\"@type\":\"ListItem\",\"position\":1,\"name\":\"Startseite\",\"item\":\"https:\\\/\\\/clp-akademie.de\\\/wpdata\\\/neuland\\\/\"},{\"@type\":\"ListItem\",\"position\":2,\"name\":\"Bayern\"}]},{\"@type\":\"WebSite\",\"@id\":\"https:\\\/\\\/clp-akademie.de\\\/wpdata\\\/#website\",\"url\":\"https:\\\/\\\/clp-akademie.de\\\/wpdata\\\/\",\"name\":\"CLP Akademie\",\"description\":\"Seminar- und Fortbildungsveranstaltungen\",\"potentialAction\":[{\"@type\":\"SearchAction\",\"target\":{\"@type\":\"EntryPoint\",\"urlTemplate\":\"https:\\\/\\\/clp-akademie.de\\\/wpdata\\\/?s={search_term_string}\"},\"query-input\":{\"@type\":\"PropertyValueSpecification\",\"valueRequired\":true,\"valueName\":\"search_term_string\"}}],\"inLanguage\":\"de\"}]}<\/script>\n<!-- \/ Yoast SEO plugin. -->","yoast_head_json":{"title":"Bayern - CLP Akademie","robots":{"index":"index","follow":"follow","max-snippet":"max-snippet:-1","max-image-preview":"max-image-preview:large","max-video-preview":"max-video-preview:-1"},"canonical":"https:\/\/clp-akademie.de\/wpdata\/bayern\/","og_locale":"de_DE","og_type":"article","og_title":"Bayern - CLP Akademie","og_url":"https:\/\/clp-akademie.de\/wpdata\/bayern\/","og_site_name":"CLP Akademie","article_modified_time":"2021-02-24T12:52:47+00:00","twitter_card":"summary_large_image","twitter_misc":{"Gesch\u00e4tzte Lesezeit":"1\u00a0Minute"},"schema":{"@context":"https:\/\/schema.org","@graph":[{"@type":"WebPage","@id":"https:\/\/clp-akademie.de\/wpdata\/bayern\/","url":"https:\/\/clp-akademie.de\/wpdata\/bayern\/","name":"Bayern - CLP Akademie","isPartOf":{"@id":"https:\/\/clp-akademie.de\/wpdata\/#website"},"datePublished":"2021-02-24T12:52:45+00:00","dateModified":"2021-02-24T12:52:47+00:00","breadcrumb":{"@id":"https:\/\/clp-akademie.de\/wpdata\/bayern\/#breadcrumb"},"inLanguage":"de","potentialAction":[{"@type":"ReadAction","target":["https:\/\/clp-akademie.de\/wpdata\/bayern\/"]}]},{"@type":"BreadcrumbList","@id":"https:\/\/clp-akademie.de\/wpdata\/bayern\/#breadcrumb","itemListElement":[{"@type":"ListItem","position":1,"name":"Startseite","item":"https:\/\/clp-akademie.de\/wpdata\/neuland\/"},{"@type":"ListItem","position":2,"name":"Bayern"}]},{"@type":"WebSite","@id":"https:\/\/clp-akademie.de\/wpdata\/#website","url":"https:\/\/clp-akademie.de\/wpdata\/","name":"CLP Akademie","description":"Seminar- und Fortbildungsveranstaltungen","potentialAction":[{"@type":"SearchAction","target":{"@type":"EntryPoint","urlTemplate":"https:\/\/clp-akademie.de\/wpdata\/?s={search_term_string}"},"query-input":{"@type":"PropertyValueSpecification","valueRequired":true,"valueName":"search_term_string"}}],"inLanguage":"de"}]}},"_links":{"self":[{"href":"https:\/\/clp-akademie.de\/wpdata\/wp-json\/wp\/v2\/pages\/1664","targetHints":{"allow":["GET"]}}],"collection":[{"href":"https:\/\/clp-akademie.de\/wpdata\/wp-json\/wp\/v2\/pages"}],"about":[{"href":"https:\/\/clp-akademie.de\/wpdata\/wp-json\/wp\/v2\/types\/page"}],"author":[{"embeddable":true,"href":"https:\/\/clp-akademie.de\/wpdata\/wp-json\/wp\/v2\/users\/5"}],"replies":[{"embeddable":true,"href":"https:\/\/clp-akademie.de\/wpdata\/wp-json\/wp\/v2\/comments?post=1664"}],"version-history":[{"count":1,"href":"https:\/\/clp-akademie.de\/wpdata\/wp-json\/wp\/v2\/pages\/1664\/revisions"}],"predecessor-version":[{"id":1665,"href":"https:\/\/clp-akademie.de\/wpdata\/wp-json\/wp\/v2\/pages\/1664\/revisions\/1665"}],"wp:attachment":[{"href":"https:\/\/clp-akademie.de\/wpdata\/wp-json\/wp\/v2\/media?parent=1664"}],"curies":[{"name":"wp","href":"https:\/\/api.w.org\/{rel}","templated":true}]}}