{"id":190,"date":"2018-04-26T17:13:22","date_gmt":"2018-04-26T17:13:22","guid":{"rendered":"https:\/\/clp-akademie.de\/wpdata\/?page_id=190"},"modified":"2026-02-17T11:36:36","modified_gmt":"2026-02-17T11:36:36","slug":"zertifizierungslehrgang-zum-zur-vergabemanager-in","status":"publish","type":"page","link":"https:\/\/clp-akademie.de\/wpdata\/zertifizierungslehrgang-zum-zur-vergabemanager-in\/","title":{"rendered":"Zertifizierungslehrgang zum\/zur Vergabemanager\/in"},"content":{"rendered":"\n<style type=\"text\/css\" data-created_by=\"avia_inline_auto\" id=\"style-css-av-t3v2w-58f0812ba81db92fdddc3dc0d856c7ef\">\n.flex_column.av-t3v2w-58f0812ba81db92fdddc3dc0d856c7ef{\nborder-radius:0px 0px 0px 0px;\npadding:0px 0px 0px 0px;\n}\n<\/style>\n<div  class='flex_column av-t3v2w-58f0812ba81db92fdddc3dc0d856c7ef av_one_full  avia-builder-el-0  el_before_av_three_fifth  avia-builder-el-first  first flex_column_div av-zero-column-padding  '     ><div  class='avia-slideshow av-jgglelsk-3a53f0a13aff08168e736ee6e1121a61 avia-slideshow-featured av_slideshow avia-slide-slider  avia-builder-el-1  avia-builder-el-no-sibling  av-slideshow-ui av-control-default av-slideshow-manual av-loop-once av-loop-manual-endless av-default-height-applied avia-slideshow-1' data-slideshow-options=\"{&quot;animation&quot;:&quot;slide&quot;,&quot;autoplay&quot;:false,&quot;loop_autoplay&quot;:&quot;once&quot;,&quot;interval&quot;:5,&quot;loop_manual&quot;:&quot;manual-endless&quot;,&quot;autoplay_stopper&quot;:false,&quot;noNavigation&quot;:false,&quot;bg_slider&quot;:false,&quot;keep_padding&quot;:false,&quot;hoverpause&quot;:false,&quot;show_slide_delay&quot;:0}\"  itemprop=\"image\" itemscope=\"itemscope\" itemtype=\"https:\/\/schema.org\/ImageObject\" ><ul class='avia-slideshow-inner ' style='padding-bottom: 28.666666666667%;'><li  class='avia-slideshow-slide av-jgglelsk-3a53f0a13aff08168e736ee6e1121a61__0  av-single-slide slide-1 slide-odd'><div data-rel='slideshow-1' class='avia-slide-wrap '   ><img decoding=\"async\" fetchpriority=\"high\" class=\"wp-image-77 avia-img-lazy-loading-not-77\"  src=\"https:\/\/clp-akademie.de\/wpdata\/wp-content\/uploads\/2018\/04\/Fotolia_111350686_L-1500x430.jpg\" width=\"1500\" height=\"430\" title='D\u00fcsseldorf' alt=''  itemprop=\"thumbnailUrl\"   \/><\/div><\/li><\/ul><\/div><\/div>\n\n<style type=\"text\/css\" data-created_by=\"avia_inline_auto\" id=\"style-css-av-8jiaw-da01cdd5cc3f5073c18a67ac04eb851d\">\n.flex_column.av-8jiaw-da01cdd5cc3f5073c18a67ac04eb851d{\nborder-radius:0px 0px 0px 0px;\npadding:0px 0px 0px 0px;\n}\n<\/style>\n<div  class='flex_column av-8jiaw-da01cdd5cc3f5073c18a67ac04eb851d av_three_fifth  avia-builder-el-2  el_after_av_one_full  el_before_av_two_fifth  first flex_column_div av-zero-column-padding  column-top-margin'     ><p>\n<style type=\"text\/css\" data-created_by=\"avia_inline_auto\" id=\"style-css-av-b4icu-70acc5c1dd92d0c52ac488b8f51dac37\">\n#top .av-special-heading.av-b4icu-70acc5c1dd92d0c52ac488b8f51dac37{\npadding-bottom:30px;\n}\nbody .av-special-heading.av-b4icu-70acc5c1dd92d0c52ac488b8f51dac37 .av-special-heading-tag .heading-char{\nfont-size:25px;\n}\n.av-special-heading.av-b4icu-70acc5c1dd92d0c52ac488b8f51dac37 .av-subheading{\nfont-size:15px;\n}\n<\/style>\n<div  class='av-special-heading av-b4icu-70acc5c1dd92d0c52ac488b8f51dac37 av-special-heading-h2  avia-builder-el-3  el_before_av_textblock  avia-builder-el-first '><h2 class='av-special-heading-tag '  itemprop=\"headline\"  >Zertifizierungskurs: Pr\u00e4senzlehrgang-Vergabemanager\/in<\/h2><div class=\"special-heading-border\"><div class=\"special-heading-inner-border\"><\/div><\/div><\/div><br \/>\n\n<style type=\"text\/css\" data-created_by=\"avia_inline_auto\" id=\"style-css-av-jgglx3dw-c2f91bc667167a1b1ae389dc566115eb\">\n#top .av_textblock_section.av-jgglx3dw-c2f91bc667167a1b1ae389dc566115eb .avia_textblock{\nfont-size:15px;\n}\n<\/style>\n<section  class='av_textblock_section av-jgglx3dw-c2f91bc667167a1b1ae389dc566115eb '   itemscope=\"itemscope\" itemtype=\"https:\/\/schema.org\/CreativeWork\" ><div class='avia_textblock'  itemprop=\"text\" ><p><strong>Achtung:<\/strong>\u00a0Angesichts der aktuellen Situation haben wir unseren Pr\u00e4senzbetrieb reduziert. Sie k\u00f6nnen unsere Schulungslehrg\u00e4nge alternativ\u00a0<a href=\"https:\/\/vergabemanager-online.de\/\"><strong>hier<\/strong><\/a>\u00a0als Online-Lehrgang buchen.<\/p>\n<p>Die Kanzlei Verismo Legal Rechtsanw\u00e4lte hat einen Zertifizierungslehrgang zum\/zur Vergabemanager\/in ins Leben gerufen. Die CLP Akademie f\u00fchrt diese Tradition fort.<\/p>\n<p>Der Lehrgang richtet sich an alle Mitarbeiter\/-innen \u00f6ffentlicher Auftraggeber (auch Sektorenauftraggeber), die Beschaffungsvorg\u00e4nge begleiten, ebenso an Pr\u00fcfer\/-innen der Rechnungspr\u00fcfungs\u00e4mter und der Revision sowie die mit \u00f6ffentlichen Vergaben befassten Planer und Ingenieurb\u00fcros.<\/p>\n<p>Der Lehrgang wird seit 2016 in Berlin\/Brandenburg von der Brandenburgischen Kommunalakademie in Berlin angeboten. Dar\u00fcber hinaus bietet die CLP Akademie diesen Lehrgang bundesweit \u00f6ffentlichen Auftraggebern an.<\/p>\n<p><strong>Inhalte, Ziele und Methoden des Lehrganges<\/strong><\/p>\n<p>Dieser Lehrgang richtet sich an Mitarbeiter\/-innen der \u00f6ffentlichen Verwaltung, die Beschaffungsvorg\u00e4nge k\u00fcnftig begleiten werden oder bereits damit befasst sind. F\u00fcr Pr\u00fcfer\/-innen der Rechnungspr\u00fcfungs\u00e4mter oder der Revision ist dieser Lehrgang ebenso geeignet wie f\u00fcr Planer.<\/p>\n<p>Die Teilnehmer\/-innen des Zertifizierungslehrgangs zum\/zur Vergabemanager\/-in erhalten im Detail Einblick in die rechtlichen Grundlagen des Beschaffungswesens. Sie werden in s\u00e4mtlichen Verfahrensstadien der \u00f6ffentlichen Beschaffungsvorg\u00e4nge geschult, von der Verfahrensvorbereitung \u00fcber deren Durchf\u00fchrung inklusive der E-Vergabe bis zum Vertragsmanagement und der Revision und Tarifpr\u00fcfung nach Zuschlagserteilung.<\/p>\n<p>Die Vorbereitung und der Ablauf des gesamten Vergabeverfahrens werden anhand typischer Fehler- und Risikoquellen unter Einbeziehung der aktuellen Rechtsprechung dargestellt und die rechtssichere Durchf\u00fchrung an Praxisbeispielen, z. T. an Musterunterlagen sowie in E-Vergabe Softwareprogrammen ge\u00fcbt.<\/p>\n<p>Durch einen ausgewogenen Mix aus Theorie und Praxis, Vortrag und Interaktion erlangen die Teilnehmer\/-innen ein fundiertes Wissen der Grundlagen des Vergaberechts. Sie werden in die Lage versetzt, Beschaffungsvorg\u00e4nge durch rechtssichere Vergaben unter flexibler Gestaltung des Vergabeverfahrens sicher zu beherrschen.<\/p>\n<p>Um den individuellen Anforderungen der verschiedenen Vergabe- und Vertragsordnungen gerecht zu werden, beinhaltet der Lehrgang aktuell die Vergabe von Bau-, Liefer- und Dienstleistungen einschlie\u00dflich der freiberuflichen Dienstleistungen unterhalb und oberhalb des EU-Auftragswertes. F\u00fcr alle Teilnehmer\/-innen verbindlich ist der Besuch aller Module.<\/p>\n<p><strong>Schwerpunkte<\/strong><\/p>\n<p><strong>Modul I Rechtliche Grundlagen der Beschaffung<\/strong><\/p>\n<ul>\n<li>Rechtsquellen (u.a. EU-Vergaberichtlinien, GWB, SektVO, VgV, UVgO , VOB\/A [EU], Landesvergabegesetze und weitere landes- und kommunale Vorschriften, HOAI, VwVfG, BGB, ZPO, etc.)<\/li>\n<li>Allgemeines Vertragsrecht<\/li>\n<li>F\u00f6rdermittelrecht \/ Haushaltsrecht<\/li>\n<li>Besondere Rechtsquellen (der Spezialvergaben (siehe Modul III))<\/li>\n<li>Vergaberechtsmodernisierungsgesetz (VergRModG)<\/li>\n<li>VgV, GWB, VOB\/A \u2013 EU, VOB\/A, UVgO, HOAI<\/li>\n<\/ul>\n<p><strong>Modul II Planung des Vergabemanagements<\/strong><\/p>\n<ul>\n<li>Organisatorische Vorbereitung<\/li>\n<li>E-Vergabe, Kostensch\u00e4tzung<\/li>\n<li>Umgang mit Formularen<\/li>\n<li>Erstellung Vergabeunterlagen<\/li>\n<li>Erstellung der Bekanntmachung<\/li>\n<li>Vornahme Loseinteilung<\/li>\n<li>Eignungs- und Zuschlagskriterien<\/li>\n<li>Leistungsbeschreibung<\/li>\n<\/ul>\n<p><strong>Modul III Vergabemanagement \/ Verfahrensdurchf\u00fchrung<\/strong><\/p>\n<ul>\n<li>Durchlauf aller Vergabeverfahrensarten (Praxis)<\/li>\n<li>Auswertung von Teilnahmeantr\u00e4gen und Angeboten<\/li>\n<li>Anwendung bei Spezialvergaben (Planung\/HOAI, Bauauftrags-, Reinigungs-, Wachschutz-, Postdienst-, Catering-, B\u00fcrobedarf-, IT-, Fahrzeug-, Versicherungsvergabe)<\/li>\n<li>Aufkl\u00e4rungsgespr\u00e4che \/ Vergabevermerk<\/li>\n<\/ul>\n<p><strong>Modul IV Projekt- und Nachtragsmanagement<\/strong><\/p>\n<ul>\n<li>Zuschlag und Aufhebung<\/li>\n<li>Informationspflichten nach Zuschlagserteilung<\/li>\n<li>Vertrags- und Nachtragsmanagement<\/li>\n<li>Projektmanagement<\/li>\n<li>Revision \/ Kontrollen \/ Vertragsstrafen<\/li>\n<\/ul>\n<p><strong>Nachweis der Qualifikation<\/strong><\/p>\n<p>Schriftliche Leistungskontrolle am Ende des lehrganges. Bei Erreichen der Mindestgesamtpunktzahl: Zertifikat \u00fcber den erfolgreichen Abschluss des Zertifizierungslehrgangs (Qualifikationsnachweis)<\/p>\n<p style=\"text-align: justify;\">\n<\/div><\/section><br \/>\n\n<style type=\"text\/css\" data-created_by=\"avia_inline_auto\" id=\"style-css-av-jggsir2w-0ba91b5f364bfcd7f52c0540a04e6b18\">\n#top .hr.hr-invisible.av-jggsir2w-0ba91b5f364bfcd7f52c0540a04e6b18{\nheight:30px;\n}\n<\/style>\n<div  class='hr av-jggsir2w-0ba91b5f364bfcd7f52c0540a04e6b18 hr-invisible  avia-builder-el-5  el_after_av_textblock  el_before_av_button '><span class='hr-inner '><span class=\"hr-inner-style\"><\/span><\/span><\/div><br \/>\n<div  class='avia-button-wrap av-jggsi7is-2b4c8d878bbae55924569c1400af3d6e-wrap avia-button-left  avia-builder-el-6  el_after_av_hr  avia-builder-el-last '><a href='https:\/\/clp-akademie.de\/wpdata\/veranstaltungen\/'  class='avia-button av-jggsi7is-2b4c8d878bbae55924569c1400af3d6e av-link-btn avia-icon_select-no avia-size-medium avia-position-left avia-color-theme-color'   aria-label=\"Zum Seminarkalender\"><span class='avia_iconbox_title' >Zum Seminarkalender<\/span><\/a><\/div><\/p><\/div>\n\n<style type=\"text\/css\" data-created_by=\"avia_inline_auto\" id=\"style-css-av-he0co-11fd69ac712db508584ae57a5e83ce61\">\n.flex_column.av-he0co-11fd69ac712db508584ae57a5e83ce61{\nborder-radius:0px 0px 0px 0px;\npadding:0px 0px 0px 0px;\n}\n<\/style>\n<div  class='flex_column av-he0co-11fd69ac712db508584ae57a5e83ce61 av_two_fifth  avia-builder-el-7  el_after_av_three_fifth  el_before_av_hr  flex_column_div av-zero-column-padding  column-top-margin'     ><section  class='av_textblock_section av-jh9273a9-2ebd7e0bfbc917032dcbcbdf7c35c0be '   itemscope=\"itemscope\" itemtype=\"https:\/\/schema.org\/CreativeWork\" ><div class='avia_textblock'  itemprop=\"text\" ><h3>Brandenburg \/ Berlin \/ Brandenburger Kommunalakademie \/ Termine \/ Anmeldung<\/h3>\n<p><strong>2026<\/strong><\/p>\n<p><strong>Lehrgangsdauer<\/strong><br \/>\n15 Schulungstage (VgV [inkl. freiberuflicher Dienstleistungen], VOB\/A EU, UVgO und VOB\/A)<\/p>\n<p><strong>Nachweis der Qualifikation<\/strong><br \/>\nSchriftliche Leistungskontrolle am Ende des Lehrganges. Bei Erreichen der Mindestgesamtpunktzahl: Zertifikat \u00fcber den erfolgreichen Abschluss des Zertifizierungslehrgangs (Qualifikationsnachweis).<\/p>\n<p><strong>Kosten<\/strong><br \/>\n2.200,00 \u20ac\/Teilnehmer\/-in<\/p>\n<p><strong>Veranstaltungsort<\/strong><br \/>\nBrandenburgische Kommunalakademie,<br \/>\nNebenstelle Berlin, Panoramastra\u00dfe 1, 10178 Berlin<\/p>\n<\/div><\/section><br \/>\n<div  class='avia-button-wrap av-jggsi7is-10-fe48ed1a7d1930cc3dfb861151857815-wrap avia-button-left  avia-builder-el-9  el_after_av_textblock  el_before_av_hr '><a href='https:\/\/clp-akademie.de\/wpdata\/kontakt\/'  class='avia-button av-jggsi7is-10-fe48ed1a7d1930cc3dfb861151857815 av-link-btn avia-icon_select-no avia-size-medium avia-position-left avia-color-theme-color'   aria-label=\"Zum Kontaktformular\"><span class='avia_iconbox_title' >Zum Kontaktformular<\/span><\/a><\/div><br \/>\n\n<style type=\"text\/css\" data-created_by=\"avia_inline_auto\" id=\"style-css-av-jggsir2w-11-12a1555c0232bc57c144da8c35ddb94c\">\n#top .hr.hr-invisible.av-jggsir2w-11-12a1555c0232bc57c144da8c35ddb94c{\nheight:30px;\n}\n<\/style>\n<div  class='hr av-jggsir2w-11-12a1555c0232bc57c144da8c35ddb94c hr-invisible  avia-builder-el-10  el_after_av_button  el_before_av_textblock '><span class='hr-inner '><span class=\"hr-inner-style\"><\/span><\/span><\/div><br \/>\n<section  class='av_textblock_section av-jh9273a9-9-ff18c18a4a74d7c8a83394f6b8930b0e '   itemscope=\"itemscope\" itemtype=\"https:\/\/schema.org\/CreativeWork\" ><div class='avia_textblock'  itemprop=\"text\" ><h3>NRW<\/h3>\n<p><strong>2026<\/strong><\/p>\n<p><strong>Aktuell nur als Inhousekurs buchbar; Mindestteilnehmeranzahl 10 Personen<\/strong><\/p>\n<p><strong>Lehrgangsdauer<\/strong><br \/>\n15 Schulungstage (VgV, UVgO (insbesondere im Vergleich zur UVgO), VOB\/A EU, VOB\/A sowie freiberufliche Dienstleistungen)<\/p>\n<p><strong>Nachweis der Qualifikation<\/strong><br \/>\nSchriftliche Leistungskontrolle am Ende des Lehrganges. Bei Erreichen der Mindestgesamtpunktzahl: Zertifikat \u00fcber den erfolgreichen Abschluss des Zertifizierungslehrgangs (Qualifikationsnachweis).<\/p>\n<p><strong>Veranstaltungsort<\/strong><br \/>\nD\u00fcsseldorf\/K\u00f6ln<\/p>\n<p>Termine auf Anfrage<\/p>\n<\/div><\/section><br \/>\n<div  class='avia-button-wrap av-jggsi7is-8-e63bdc4cf54dc77d3b90afec39c013c5-wrap avia-button-left  avia-builder-el-12  el_after_av_textblock  el_before_av_hr '><a href='https:\/\/clp-akademie.de\/wpdata\/kontakt\/'  class='avia-button av-jggsi7is-8-e63bdc4cf54dc77d3b90afec39c013c5 av-link-btn avia-icon_select-no avia-size-medium avia-position-left avia-color-theme-color'   aria-label=\"Zum Kontaktformular\"><span class='avia_iconbox_title' >Zum Kontaktformular<\/span><\/a><\/div><br \/>\n\n<style type=\"text\/css\" data-created_by=\"avia_inline_auto\" id=\"style-css-av-jggsir2w-7-ab852d1aeb8da028522cb27cc70333e9\">\n#top .hr.hr-invisible.av-jggsir2w-7-ab852d1aeb8da028522cb27cc70333e9{\nheight:30px;\n}\n<\/style>\n<div  class='hr av-jggsir2w-7-ab852d1aeb8da028522cb27cc70333e9 hr-invisible  avia-builder-el-13  el_after_av_button  el_before_av_textblock '><span class='hr-inner '><span class=\"hr-inner-style\"><\/span><\/span><\/div><br \/>\n<section  class='av_textblock_section av-jh9273a9-6-76d4fb82968e5fed5a92741289d2e11d '   itemscope=\"itemscope\" itemtype=\"https:\/\/schema.org\/CreativeWork\" ><div class='avia_textblock'  itemprop=\"text\" ><h3>Bayern<\/h3>\n<p><strong>2026<\/strong><\/p>\n<p><strong>Aktuell nur als Inhousekurs buchbar; Mindestteilnehmeranzahl 10 Personen<\/strong><\/p>\n<p><strong>Lehrgangsdauer<\/strong><br \/>\n14 Schulungstage (VgV (inkl. freiberuflicher Dienstleistungen), VOB\/A EU, UVgo und VOB\/A)<\/p>\n<p><strong>Nachweis der Qualifikation<\/strong><br \/>\nSchriftliche Leistungskontrolle am Ende der Module I-III. Bei Erreichen der Mindestgesamtpunktzahl: Zertifikat \u00fcber den erfolgreichen Abschluss des Zertifizierungslehrgangs (Qualifikationsnachweis).<\/p>\n<p><strong>Veranstaltungsort<\/strong><br \/>\nM\u00fcnchen\/N\u00fcrnberg<\/p>\n<\/div><\/section><br \/>\n<div  class='avia-button-wrap av-jggsi7is-5-014becd8a200d6af4f9258e7a632acc3-wrap avia-button-left  avia-builder-el-15  el_after_av_textblock  el_before_av_hr '><a href='https:\/\/clp-akademie.de\/wpdata\/kontakt\/'  class='avia-button av-jggsi7is-5-014becd8a200d6af4f9258e7a632acc3 av-link-btn avia-icon_select-no avia-size-medium avia-position-left avia-color-theme-color'   aria-label=\"Zum Kontaktformular\"><span class='avia_iconbox_title' >Zum Kontaktformular<\/span><\/a><\/div><br \/>\n\n<style type=\"text\/css\" data-created_by=\"avia_inline_auto\" id=\"style-css-av-jggsir2w-4-ce49dccc735a4ebc86316c20c881d303\">\n#top .hr.hr-invisible.av-jggsir2w-4-ce49dccc735a4ebc86316c20c881d303{\nheight:30px;\n}\n<\/style>\n<div  class='hr av-jggsir2w-4-ce49dccc735a4ebc86316c20c881d303 hr-invisible  avia-builder-el-16  el_after_av_button  el_before_av_textblock '><span class='hr-inner '><span class=\"hr-inner-style\"><\/span><\/span><\/div><br \/>\n<section  class='av_textblock_section av-jh9273a9-3-b4ba589157b613b8267aa7f53fbca2da '   itemscope=\"itemscope\" itemtype=\"https:\/\/schema.org\/CreativeWork\" ><div class='avia_textblock'  itemprop=\"text\" ><h3>Individualangebote \/ alle Bundesl\u00e4nder \/ Termine \/ Anmeldung<\/h3>\n<p>Wir bieten den Kurs in allen Bundesl\u00e4ndern als Individualkurs f\u00fcr \u00f6ffentliche Auftraggeber als Inhouse-Fortbildungslehrgang an.<\/p>\n<p><strong>Termine bundesweit<\/strong><\/p>\n<p>Berlin\/Brandenburg, Baden-W\u00fcrttemberg, Bayern, Bremen, Hamburg, Hessen, Mecklenburg-Vorpommern, Niedersachsen, Nordrhein-Westfalen, Rheinland-Pfalz, Saarland, Sachsen, Sachsen-Anhalt, Schleswig-Holstein, Th\u00fcringen<\/p>\n<p>Termine auf Anfrage<\/p>\n<\/div><\/section><br \/>\n<div  class='avia-button-wrap av-jggsi7is-2-dc13e4a54e79b220be6e9e37e1ab36b7-wrap avia-button-left  avia-builder-el-18  el_after_av_textblock  avia-builder-el-last '><a href='https:\/\/clp-akademie.de\/wpdata\/kontakt\/'  class='avia-button av-jggsi7is-2-dc13e4a54e79b220be6e9e37e1ab36b7 av-link-btn avia-icon_select-no avia-size-medium avia-position-left avia-color-theme-color'   aria-label=\"Zum Kontaktformular\"><span class='avia_iconbox_title' >Zum Kontaktformular<\/span><\/a><\/div><\/p><\/div>\n<style type=\"text\/css\" data-created_by=\"avia_inline_auto\" id=\"style-css-av-jggsir2w-1-b9b64e5d256f726c1d1fcb274d1ad6bc\">\n#top .hr.hr-invisible.av-jggsir2w-1-b9b64e5d256f726c1d1fcb274d1ad6bc{\nheight:50px;\n}\n<\/style>\n<div  class='hr av-jggsir2w-1-b9b64e5d256f726c1d1fcb274d1ad6bc hr-invisible  avia-builder-el-19  el_after_av_two_fifth  avia-builder-el-last '><span class='hr-inner '><span class=\"hr-inner-style\"><\/span><\/span><\/div><\/p>\n","protected":false},"excerpt":{"rendered":"","protected":false},"author":1,"featured_media":0,"parent":0,"menu_order":0,"comment_status":"closed","ping_status":"closed","template":"","meta":{"_acf_changed":false,"footnotes":""},"class_list":["post-190","page","type-page","status-publish","hentry"],"acf":[],"yoast_head":"<!-- This site is optimized with the Yoast SEO plugin v27.3 - https:\/\/yoast.com\/product\/yoast-seo-wordpress\/ -->\n<title>Zertifizierungslehrgang zum\/zur Vergabemanager\/in - CLP Akademie<\/title>\n<meta name=\"robots\" content=\"index, follow, max-snippet:-1, max-image-preview:large, max-video-preview:-1\" \/>\n<link rel=\"canonical\" href=\"https:\/\/clp-akademie.de\/wpdata\/zertifizierungslehrgang-zum-zur-vergabemanager-in\/\" \/>\n<meta property=\"og:locale\" content=\"de_DE\" \/>\n<meta property=\"og:type\" content=\"article\" \/>\n<meta property=\"og:title\" content=\"Zertifizierungslehrgang zum\/zur Vergabemanager\/in - CLP Akademie\" \/>\n<meta property=\"og:url\" content=\"https:\/\/clp-akademie.de\/wpdata\/zertifizierungslehrgang-zum-zur-vergabemanager-in\/\" \/>\n<meta property=\"og:site_name\" content=\"CLP Akademie\" \/>\n<meta property=\"article:modified_time\" content=\"2026-02-17T11:36:36+00:00\" \/>\n<meta name=\"twitter:card\" content=\"summary_large_image\" \/>\n<meta name=\"twitter:label1\" content=\"Gesch\u00e4tzte Lesezeit\" \/>\n\t<meta name=\"twitter:data1\" content=\"4\u00a0Minuten\" \/>\n<script type=\"application\/ld+json\" class=\"yoast-schema-graph\">{\"@context\":\"https:\\\/\\\/schema.org\",\"@graph\":[{\"@type\":\"WebPage\",\"@id\":\"https:\\\/\\\/clp-akademie.de\\\/wpdata\\\/zertifizierungslehrgang-zum-zur-vergabemanager-in\\\/\",\"url\":\"https:\\\/\\\/clp-akademie.de\\\/wpdata\\\/zertifizierungslehrgang-zum-zur-vergabemanager-in\\\/\",\"name\":\"Zertifizierungslehrgang zum\\\/zur Vergabemanager\\\/in - CLP Akademie\",\"isPartOf\":{\"@id\":\"https:\\\/\\\/clp-akademie.de\\\/wpdata\\\/#website\"},\"datePublished\":\"2018-04-26T17:13:22+00:00\",\"dateModified\":\"2026-02-17T11:36:36+00:00\",\"breadcrumb\":{\"@id\":\"https:\\\/\\\/clp-akademie.de\\\/wpdata\\\/zertifizierungslehrgang-zum-zur-vergabemanager-in\\\/#breadcrumb\"},\"inLanguage\":\"de\",\"potentialAction\":[{\"@type\":\"ReadAction\",\"target\":[\"https:\\\/\\\/clp-akademie.de\\\/wpdata\\\/zertifizierungslehrgang-zum-zur-vergabemanager-in\\\/\"]}]},{\"@type\":\"BreadcrumbList\",\"@id\":\"https:\\\/\\\/clp-akademie.de\\\/wpdata\\\/zertifizierungslehrgang-zum-zur-vergabemanager-in\\\/#breadcrumb\",\"itemListElement\":[{\"@type\":\"ListItem\",\"position\":1,\"name\":\"Startseite\",\"item\":\"https:\\\/\\\/clp-akademie.de\\\/wpdata\\\/neuland\\\/\"},{\"@type\":\"ListItem\",\"position\":2,\"name\":\"Zertifizierungslehrgang zum\\\/zur Vergabemanager\\\/in\"}]},{\"@type\":\"WebSite\",\"@id\":\"https:\\\/\\\/clp-akademie.de\\\/wpdata\\\/#website\",\"url\":\"https:\\\/\\\/clp-akademie.de\\\/wpdata\\\/\",\"name\":\"CLP Akademie\",\"description\":\"Seminar- und Fortbildungsveranstaltungen\",\"potentialAction\":[{\"@type\":\"SearchAction\",\"target\":{\"@type\":\"EntryPoint\",\"urlTemplate\":\"https:\\\/\\\/clp-akademie.de\\\/wpdata\\\/?s={search_term_string}\"},\"query-input\":{\"@type\":\"PropertyValueSpecification\",\"valueRequired\":true,\"valueName\":\"search_term_string\"}}],\"inLanguage\":\"de\"}]}<\/script>\n<!-- \/ Yoast SEO plugin. -->","yoast_head_json":{"title":"Zertifizierungslehrgang zum\/zur Vergabemanager\/in - CLP Akademie","robots":{"index":"index","follow":"follow","max-snippet":"max-snippet:-1","max-image-preview":"max-image-preview:large","max-video-preview":"max-video-preview:-1"},"canonical":"https:\/\/clp-akademie.de\/wpdata\/zertifizierungslehrgang-zum-zur-vergabemanager-in\/","og_locale":"de_DE","og_type":"article","og_title":"Zertifizierungslehrgang zum\/zur Vergabemanager\/in - CLP Akademie","og_url":"https:\/\/clp-akademie.de\/wpdata\/zertifizierungslehrgang-zum-zur-vergabemanager-in\/","og_site_name":"CLP Akademie","article_modified_time":"2026-02-17T11:36:36+00:00","twitter_card":"summary_large_image","twitter_misc":{"Gesch\u00e4tzte Lesezeit":"4\u00a0Minuten"},"schema":{"@context":"https:\/\/schema.org","@graph":[{"@type":"WebPage","@id":"https:\/\/clp-akademie.de\/wpdata\/zertifizierungslehrgang-zum-zur-vergabemanager-in\/","url":"https:\/\/clp-akademie.de\/wpdata\/zertifizierungslehrgang-zum-zur-vergabemanager-in\/","name":"Zertifizierungslehrgang zum\/zur Vergabemanager\/in - CLP Akademie","isPartOf":{"@id":"https:\/\/clp-akademie.de\/wpdata\/#website"},"datePublished":"2018-04-26T17:13:22+00:00","dateModified":"2026-02-17T11:36:36+00:00","breadcrumb":{"@id":"https:\/\/clp-akademie.de\/wpdata\/zertifizierungslehrgang-zum-zur-vergabemanager-in\/#breadcrumb"},"inLanguage":"de","potentialAction":[{"@type":"ReadAction","target":["https:\/\/clp-akademie.de\/wpdata\/zertifizierungslehrgang-zum-zur-vergabemanager-in\/"]}]},{"@type":"BreadcrumbList","@id":"https:\/\/clp-akademie.de\/wpdata\/zertifizierungslehrgang-zum-zur-vergabemanager-in\/#breadcrumb","itemListElement":[{"@type":"ListItem","position":1,"name":"Startseite","item":"https:\/\/clp-akademie.de\/wpdata\/neuland\/"},{"@type":"ListItem","position":2,"name":"Zertifizierungslehrgang zum\/zur Vergabemanager\/in"}]},{"@type":"WebSite","@id":"https:\/\/clp-akademie.de\/wpdata\/#website","url":"https:\/\/clp-akademie.de\/wpdata\/","name":"CLP Akademie","description":"Seminar- und Fortbildungsveranstaltungen","potentialAction":[{"@type":"SearchAction","target":{"@type":"EntryPoint","urlTemplate":"https:\/\/clp-akademie.de\/wpdata\/?s={search_term_string}"},"query-input":{"@type":"PropertyValueSpecification","valueRequired":true,"valueName":"search_term_string"}}],"inLanguage":"de"}]}},"_links":{"self":[{"href":"https:\/\/clp-akademie.de\/wpdata\/wp-json\/wp\/v2\/pages\/190","targetHints":{"allow":["GET"]}}],"collection":[{"href":"https:\/\/clp-akademie.de\/wpdata\/wp-json\/wp\/v2\/pages"}],"about":[{"href":"https:\/\/clp-akademie.de\/wpdata\/wp-json\/wp\/v2\/types\/page"}],"author":[{"embeddable":true,"href":"https:\/\/clp-akademie.de\/wpdata\/wp-json\/wp\/v2\/users\/1"}],"replies":[{"embeddable":true,"href":"https:\/\/clp-akademie.de\/wpdata\/wp-json\/wp\/v2\/comments?post=190"}],"version-history":[{"count":23,"href":"https:\/\/clp-akademie.de\/wpdata\/wp-json\/wp\/v2\/pages\/190\/revisions"}],"predecessor-version":[{"id":2648,"href":"https:\/\/clp-akademie.de\/wpdata\/wp-json\/wp\/v2\/pages\/190\/revisions\/2648"}],"wp:attachment":[{"href":"https:\/\/clp-akademie.de\/wpdata\/wp-json\/wp\/v2\/media?parent=190"}],"curies":[{"name":"wp","href":"https:\/\/api.w.org\/{rel}","templated":true}]}}