{"id":236,"date":"2018-04-29T21:05:36","date_gmt":"2018-04-29T21:05:36","guid":{"rendered":"https:\/\/clp-akademie.de\/wpdata\/?page_id=236"},"modified":"2021-07-14T15:25:25","modified_gmt":"2021-07-14T15:25:25","slug":"eric-neumann","status":"publish","type":"page","link":"https:\/\/clp-akademie.de\/wpdata\/referenten\/eric-neumann\/","title":{"rendered":"Eric Neumann"},"content":{"rendered":"\n<style type=\"text\/css\" data-created_by=\"avia_inline_auto\" id=\"style-css-av-svpy6-7d3a0fb2a69bd2b03efc619815f78185\">\n.flex_column.av-svpy6-7d3a0fb2a69bd2b03efc619815f78185{\nborder-radius:0px 0px 0px 0px;\npadding:0px 0px 0px 0px;\n}\n<\/style>\n<div  class='flex_column av-svpy6-7d3a0fb2a69bd2b03efc619815f78185 av_one_half  avia-builder-el-0  el_before_av_one_half  avia-builder-el-first  first flex_column_div av-zero-column-padding  '     ><style type=\"text\/css\" data-created_by=\"avia_inline_auto\" id=\"style-css-av-jgl8g7em-2d194dc04b8b7ab43e45df4b7aec29ba\">\n.avia-image-container.av-jgl8g7em-2d194dc04b8b7ab43e45df4b7aec29ba img.avia_image{\nbox-shadow:none;\n}\n.avia-image-container.av-jgl8g7em-2d194dc04b8b7ab43e45df4b7aec29ba .av-image-caption-overlay-center{\ncolor:#ffffff;\n}\n<\/style>\n<div  class='avia-image-container av-jgl8g7em-2d194dc04b8b7ab43e45df4b7aec29ba av-styling- avia-align-center  avia-builder-el-1  avia-builder-el-no-sibling '   itemprop=\"image\" itemscope=\"itemscope\" itemtype=\"https:\/\/schema.org\/ImageObject\" ><div class=\"avia-image-container-inner\"><div class=\"avia-image-overlay-wrap\"><img decoding=\"async\" fetchpriority=\"high\" class='wp-image-1785 avia-img-lazy-loading-not-1785 avia_image ' src=\"https:\/\/clp-akademie.de\/wpdata\/wp-content\/uploads\/2021\/07\/eric_neumann-scaled-e1626276502528.jpg\" alt='' title='Eric Neumann'  height=\"1000\" width=\"1497\"  itemprop=\"thumbnailUrl\"  \/><\/div><\/div><\/div><\/div>\n<style type=\"text\/css\" data-created_by=\"avia_inline_auto\" id=\"style-css-av-m6hja-3ec476d4a37b1a3207c08e500073b50c\">\n.flex_column.av-m6hja-3ec476d4a37b1a3207c08e500073b50c{\nborder-radius:0px 0px 0px 0px;\npadding:0px 0px 0px 0px;\n}\n<\/style>\n<div  class='flex_column av-m6hja-3ec476d4a37b1a3207c08e500073b50c av_one_half  avia-builder-el-2  el_after_av_one_half  el_before_av_hr  flex_column_div av-zero-column-padding  '     ><style type=\"text\/css\" data-created_by=\"avia_inline_auto\" id=\"style-css-av-jglayh0m-74a6c538154101e8c4e7bcc045be9072\">\n#top .av-special-heading.av-jglayh0m-74a6c538154101e8c4e7bcc045be9072{\npadding-bottom:20px;\n}\nbody .av-special-heading.av-jglayh0m-74a6c538154101e8c4e7bcc045be9072 .av-special-heading-tag .heading-char{\nfont-size:25px;\n}\n.av-special-heading.av-jglayh0m-74a6c538154101e8c4e7bcc045be9072 .av-subheading{\nfont-size:18px;\n}\n<\/style>\n<div  class='av-special-heading av-jglayh0m-74a6c538154101e8c4e7bcc045be9072 av-special-heading-h1 blockquote modern-quote  avia-builder-el-3  avia-builder-el-no-sibling '><h1 class='av-special-heading-tag '  itemprop=\"headline\"  >Eric Neumann<\/h1><div class='av-subheading av-subheading_below'><p>Referent<\/p>\n<\/div><div class=\"special-heading-border\"><div class=\"special-heading-inner-border\"><\/div><\/div><\/div><\/div><\/p>\n\n<style type=\"text\/css\" data-created_by=\"avia_inline_auto\" id=\"style-css-av-jggsir2w-fd65b7a4ab2e2f60caf0b683557b7656\">\n#top .hr.av-jggsir2w-fd65b7a4ab2e2f60caf0b683557b7656{\nmargin-top:10px;\nmargin-bottom:10px;\n}\n.hr.av-jggsir2w-fd65b7a4ab2e2f60caf0b683557b7656 .hr-inner{\nwidth:100%;\n}\n<\/style>\n<div  class='hr av-jggsir2w-fd65b7a4ab2e2f60caf0b683557b7656 hr-custom  avia-builder-el-4  el_after_av_one_half  el_before_av_one_half  hr-left hr-icon-no'><span class='hr-inner inner-border-av-border-thin'><span class=\"hr-inner-style\"><\/span><\/span><\/div>\n\n<style type=\"text\/css\" data-created_by=\"avia_inline_auto\" id=\"style-css-av-1qva6-a7ca88b31e358263f4adc5770a3cf168\">\n.flex_column.av-1qva6-a7ca88b31e358263f4adc5770a3cf168{\nborder-radius:0px 0px 0px 0px;\npadding:0px 0px 0px 0px;\n}\n<\/style>\n<div  class='flex_column av-1qva6-a7ca88b31e358263f4adc5770a3cf168 av_one_half  avia-builder-el-5  el_after_av_hr  el_before_av_one_half  first flex_column_div av-zero-column-padding  '     ><style type=\"text\/css\" data-created_by=\"avia_inline_auto\" id=\"style-css-av-jgl8fko0-6e4fc59b6e1726009a73a829f7a1493f\">\n#top .av_textblock_section.av-jgl8fko0-6e4fc59b6e1726009a73a829f7a1493f .avia_textblock{\nfont-size:18px;\n}\n<\/style>\n<section  class='av_textblock_section av-jgl8fko0-6e4fc59b6e1726009a73a829f7a1493f '   itemscope=\"itemscope\" itemtype=\"https:\/\/schema.org\/CreativeWork\" ><div class='avia_textblock'  itemprop=\"text\" ><p style=\"text-align: justify;\">Eric Neumann ber\u00e4t schwerpunktm\u00e4\u00dfig in s\u00e4mtlichen Bereichen des nationalen und europ\u00e4ischen Vergaberechts, des privaten und \u00f6ffentlichen Baurechts sowie des Architekten- und Ingenieurrechts.<\/p>\n<p style=\"text-align: justify;\">Im Vergaberecht begleitet er die \u00f6ffentliche Hand bei nationalen und internationalen Verfahren effizient und zielorientiert. Dar\u00fcber hinaus unterst\u00fctzt er auch die Bieterseite im Hinblick auf die rechtssichere und erfolgreiche Gestaltung der Teilnahme an Vergabeverfahren.<\/p>\n<p style=\"text-align: justify;\">In den Bereichen Bau-, Architekten- und Ingenieurrecht betreut er Unternehmen bei Fragen der Vertragsgestaltung sowie baubegleitend bei der Pr\u00fcfung von Strategieentscheidungen, Nachtr\u00e4gen und der erfolgreichen au\u00dfergerichtlichen sowie gerichtlichen Geltendmachung von Anspr\u00fcchen.<\/p>\n<p style=\"text-align: justify;\">Eric Neumann war, bevor er zu uns gesto\u00dfen ist, sowohl f\u00fcr ein gro\u00dfes internationales Unternehmen in Br\u00fcssel als auch w\u00e4hrend des europarechtlich gepr\u00e4gten Postgraduiertenstudiums im Baurecht t\u00e4tig.<\/p>\n<\/div><\/section><\/div>\n\n<style type=\"text\/css\" data-created_by=\"avia_inline_auto\" id=\"style-css-av-amhge-93332cacc2379581e3eef87f1c92aa69\">\n.flex_column.av-amhge-93332cacc2379581e3eef87f1c92aa69{\nborder-radius:0px 0px 0px 0px;\npadding:0px 0px 0px 0px;\n}\n<\/style>\n<div  class='flex_column av-amhge-93332cacc2379581e3eef87f1c92aa69 av_one_half  avia-builder-el-7  el_after_av_one_half  avia-builder-el-last  flex_column_div av-zero-column-padding  '     ><p>\n<style type=\"text\/css\" data-created_by=\"avia_inline_auto\" id=\"style-css-av-jgl8cb7a-607801fbacaadbbf0394064760da8a0c\">\n#top .hr.hr-invisible.av-jgl8cb7a-607801fbacaadbbf0394064760da8a0c{\nheight:20px;\n}\n<\/style>\n<div  class='hr av-jgl8cb7a-607801fbacaadbbf0394064760da8a0c hr-invisible  avia-builder-el-8  el_before_av_textblock  avia-builder-el-first '><span class='hr-inner '><span class=\"hr-inner-style\"><\/span><\/span><\/div><br \/>\n\n<style type=\"text\/css\" data-created_by=\"avia_inline_auto\" id=\"style-css-av-jgl8dkbk-a855c37f46fb803a776529805e4a3d53\">\n#top .av_textblock_section.av-jgl8dkbk-a855c37f46fb803a776529805e4a3d53 .avia_textblock{\nfont-size:18px;\n}\n<\/style>\n<section  class='av_textblock_section av-jgl8dkbk-a855c37f46fb803a776529805e4a3d53 '   itemscope=\"itemscope\" itemtype=\"https:\/\/schema.org\/CreativeWork\" ><div class='avia_textblock'  itemprop=\"text\" ><h3>Kurzbiografie<\/h3>\n<p>Universit\u00e4t Konstanz<\/p>\n<p>LL.M.-Postgraduierten Abschluss im Bereich \u201eStaat und Verwaltung in Europa\u201c<\/p>\n<p>Sprachen: Deutsch, Englisch und Franz\u00f6sisch<\/p>\n<\/div><\/section><br \/>\n\n<style type=\"text\/css\" data-created_by=\"avia_inline_auto\" id=\"style-css-av-jgl8cb7a-607801fbacaadbbf0394064760da8a0c\">\n#top .hr.hr-invisible.av-jgl8cb7a-607801fbacaadbbf0394064760da8a0c{\nheight:20px;\n}\n<\/style>\n<div  class='hr av-jgl8cb7a-607801fbacaadbbf0394064760da8a0c hr-invisible  avia-builder-el-10  el_after_av_textblock  el_before_av_textblock '><span class='hr-inner '><span class=\"hr-inner-style\"><\/span><\/span><\/div><br \/>\n\n<style type=\"text\/css\" data-created_by=\"avia_inline_auto\" id=\"style-css-av-jgl8euhg-6d4d73277c60e7fbe9940312c2cf44f3\">\n#top .av_textblock_section.av-jgl8euhg-6d4d73277c60e7fbe9940312c2cf44f3 .avia_textblock{\nfont-size:18px;\n}\n<\/style>\n<section  class='av_textblock_section av-jgl8euhg-6d4d73277c60e7fbe9940312c2cf44f3 '   itemscope=\"itemscope\" itemtype=\"https:\/\/schema.org\/CreativeWork\" ><div class='avia_textblock'  itemprop=\"text\" ><h3>T\u00e4tigkeitsschwerpunkte<\/h3>\n<p>Vergaberecht<\/p>\n<p>Privates Baurecht<\/p>\n<p>Architekten- und Ingenieurrecht<\/p>\n<\/div><\/section><\/p><\/div>\n","protected":false},"excerpt":{"rendered":"","protected":false},"author":1,"featured_media":0,"parent":211,"menu_order":0,"comment_status":"closed","ping_status":"closed","template":"","meta":{"_acf_changed":false,"footnotes":""},"class_list":["post-236","page","type-page","status-publish","hentry"],"acf":[],"yoast_head":"<!-- This site is optimized with the Yoast SEO plugin v27.3 - https:\/\/yoast.com\/product\/yoast-seo-wordpress\/ -->\n<title>Eric Neumann - CLP Akademie<\/title>\n<meta name=\"robots\" content=\"index, follow, max-snippet:-1, max-image-preview:large, max-video-preview:-1\" \/>\n<link rel=\"canonical\" href=\"https:\/\/clp-akademie.de\/wpdata\/referenten\/eric-neumann\/\" \/>\n<meta property=\"og:locale\" content=\"de_DE\" \/>\n<meta property=\"og:type\" content=\"article\" \/>\n<meta property=\"og:title\" content=\"Eric Neumann - CLP Akademie\" \/>\n<meta property=\"og:url\" content=\"https:\/\/clp-akademie.de\/wpdata\/referenten\/eric-neumann\/\" \/>\n<meta property=\"og:site_name\" content=\"CLP Akademie\" \/>\n<meta property=\"article:modified_time\" content=\"2021-07-14T15:25:25+00:00\" \/>\n<meta name=\"twitter:card\" content=\"summary_large_image\" \/>\n<meta name=\"twitter:label1\" content=\"Gesch\u00e4tzte Lesezeit\" \/>\n\t<meta name=\"twitter:data1\" content=\"2\u00a0Minuten\" \/>\n<script type=\"application\/ld+json\" class=\"yoast-schema-graph\">{\"@context\":\"https:\\\/\\\/schema.org\",\"@graph\":[{\"@type\":\"WebPage\",\"@id\":\"https:\\\/\\\/clp-akademie.de\\\/wpdata\\\/referenten\\\/eric-neumann\\\/\",\"url\":\"https:\\\/\\\/clp-akademie.de\\\/wpdata\\\/referenten\\\/eric-neumann\\\/\",\"name\":\"Eric Neumann - CLP Akademie\",\"isPartOf\":{\"@id\":\"https:\\\/\\\/clp-akademie.de\\\/wpdata\\\/#website\"},\"datePublished\":\"2018-04-29T21:05:36+00:00\",\"dateModified\":\"2021-07-14T15:25:25+00:00\",\"breadcrumb\":{\"@id\":\"https:\\\/\\\/clp-akademie.de\\\/wpdata\\\/referenten\\\/eric-neumann\\\/#breadcrumb\"},\"inLanguage\":\"de\",\"potentialAction\":[{\"@type\":\"ReadAction\",\"target\":[\"https:\\\/\\\/clp-akademie.de\\\/wpdata\\\/referenten\\\/eric-neumann\\\/\"]}]},{\"@type\":\"BreadcrumbList\",\"@id\":\"https:\\\/\\\/clp-akademie.de\\\/wpdata\\\/referenten\\\/eric-neumann\\\/#breadcrumb\",\"itemListElement\":[{\"@type\":\"ListItem\",\"position\":1,\"name\":\"Startseite\",\"item\":\"https:\\\/\\\/clp-akademie.de\\\/wpdata\\\/neuland\\\/\"},{\"@type\":\"ListItem\",\"position\":2,\"name\":\"Referenten\",\"item\":\"https:\\\/\\\/clp-akademie.de\\\/wpdata\\\/referenten\\\/\"},{\"@type\":\"ListItem\",\"position\":3,\"name\":\"Eric Neumann\"}]},{\"@type\":\"WebSite\",\"@id\":\"https:\\\/\\\/clp-akademie.de\\\/wpdata\\\/#website\",\"url\":\"https:\\\/\\\/clp-akademie.de\\\/wpdata\\\/\",\"name\":\"CLP Akademie\",\"description\":\"Seminar- und Fortbildungsveranstaltungen\",\"potentialAction\":[{\"@type\":\"SearchAction\",\"target\":{\"@type\":\"EntryPoint\",\"urlTemplate\":\"https:\\\/\\\/clp-akademie.de\\\/wpdata\\\/?s={search_term_string}\"},\"query-input\":{\"@type\":\"PropertyValueSpecification\",\"valueRequired\":true,\"valueName\":\"search_term_string\"}}],\"inLanguage\":\"de\"}]}<\/script>\n<!-- \/ Yoast SEO plugin. -->","yoast_head_json":{"title":"Eric Neumann - CLP Akademie","robots":{"index":"index","follow":"follow","max-snippet":"max-snippet:-1","max-image-preview":"max-image-preview:large","max-video-preview":"max-video-preview:-1"},"canonical":"https:\/\/clp-akademie.de\/wpdata\/referenten\/eric-neumann\/","og_locale":"de_DE","og_type":"article","og_title":"Eric Neumann - CLP Akademie","og_url":"https:\/\/clp-akademie.de\/wpdata\/referenten\/eric-neumann\/","og_site_name":"CLP Akademie","article_modified_time":"2021-07-14T15:25:25+00:00","twitter_card":"summary_large_image","twitter_misc":{"Gesch\u00e4tzte Lesezeit":"2\u00a0Minuten"},"schema":{"@context":"https:\/\/schema.org","@graph":[{"@type":"WebPage","@id":"https:\/\/clp-akademie.de\/wpdata\/referenten\/eric-neumann\/","url":"https:\/\/clp-akademie.de\/wpdata\/referenten\/eric-neumann\/","name":"Eric Neumann - CLP Akademie","isPartOf":{"@id":"https:\/\/clp-akademie.de\/wpdata\/#website"},"datePublished":"2018-04-29T21:05:36+00:00","dateModified":"2021-07-14T15:25:25+00:00","breadcrumb":{"@id":"https:\/\/clp-akademie.de\/wpdata\/referenten\/eric-neumann\/#breadcrumb"},"inLanguage":"de","potentialAction":[{"@type":"ReadAction","target":["https:\/\/clp-akademie.de\/wpdata\/referenten\/eric-neumann\/"]}]},{"@type":"BreadcrumbList","@id":"https:\/\/clp-akademie.de\/wpdata\/referenten\/eric-neumann\/#breadcrumb","itemListElement":[{"@type":"ListItem","position":1,"name":"Startseite","item":"https:\/\/clp-akademie.de\/wpdata\/neuland\/"},{"@type":"ListItem","position":2,"name":"Referenten","item":"https:\/\/clp-akademie.de\/wpdata\/referenten\/"},{"@type":"ListItem","position":3,"name":"Eric Neumann"}]},{"@type":"WebSite","@id":"https:\/\/clp-akademie.de\/wpdata\/#website","url":"https:\/\/clp-akademie.de\/wpdata\/","name":"CLP Akademie","description":"Seminar- und Fortbildungsveranstaltungen","potentialAction":[{"@type":"SearchAction","target":{"@type":"EntryPoint","urlTemplate":"https:\/\/clp-akademie.de\/wpdata\/?s={search_term_string}"},"query-input":{"@type":"PropertyValueSpecification","valueRequired":true,"valueName":"search_term_string"}}],"inLanguage":"de"}]}},"_links":{"self":[{"href":"https:\/\/clp-akademie.de\/wpdata\/wp-json\/wp\/v2\/pages\/236","targetHints":{"allow":["GET"]}}],"collection":[{"href":"https:\/\/clp-akademie.de\/wpdata\/wp-json\/wp\/v2\/pages"}],"about":[{"href":"https:\/\/clp-akademie.de\/wpdata\/wp-json\/wp\/v2\/types\/page"}],"author":[{"embeddable":true,"href":"https:\/\/clp-akademie.de\/wpdata\/wp-json\/wp\/v2\/users\/1"}],"replies":[{"embeddable":true,"href":"https:\/\/clp-akademie.de\/wpdata\/wp-json\/wp\/v2\/comments?post=236"}],"version-history":[{"count":6,"href":"https:\/\/clp-akademie.de\/wpdata\/wp-json\/wp\/v2\/pages\/236\/revisions"}],"predecessor-version":[{"id":1786,"href":"https:\/\/clp-akademie.de\/wpdata\/wp-json\/wp\/v2\/pages\/236\/revisions\/1786"}],"up":[{"embeddable":true,"href":"https:\/\/clp-akademie.de\/wpdata\/wp-json\/wp\/v2\/pages\/211"}],"wp:attachment":[{"href":"https:\/\/clp-akademie.de\/wpdata\/wp-json\/wp\/v2\/media?parent=236"}],"curies":[{"name":"wp","href":"https:\/\/api.w.org\/{rel}","templated":true}]}}