{"id":974,"date":"2020-04-17T15:14:49","date_gmt":"2020-04-17T15:14:49","guid":{"rendered":"https:\/\/clp-akademie.de\/wpdata\/?page_id=974"},"modified":"2020-05-27T14:17:16","modified_gmt":"2020-05-27T14:17:16","slug":"anmeldung-newsletter","status":"publish","type":"page","link":"https:\/\/clp-akademie.de\/wpdata\/anmeldung-newsletter\/","title":{"rendered":"Anmeldung Newsletter"},"content":{"rendered":"\n<style type=\"text\/css\" data-created_by=\"avia_inline_auto\" id=\"style-css-av-av_heading-fea8fa527d7af5a77aecbc30cb793ab1\">\n#top .av-special-heading.av-av_heading-fea8fa527d7af5a77aecbc30cb793ab1{\npadding-bottom:10px;\n}\nbody .av-special-heading.av-av_heading-fea8fa527d7af5a77aecbc30cb793ab1 .av-special-heading-tag .heading-char{\nfont-size:25px;\n}\n.av-special-heading.av-av_heading-fea8fa527d7af5a77aecbc30cb793ab1 .av-subheading{\nfont-size:15px;\n}\n<\/style>\n<div  class='av-special-heading av-av_heading-fea8fa527d7af5a77aecbc30cb793ab1 av-special-heading-h3 blockquote modern-quote  avia-builder-el-0  el_before_av_hr  avia-builder-el-first '><h3 class='av-special-heading-tag '  itemprop=\"headline\"  >Anmeldung<\/h3><div class=\"special-heading-border\"><div class=\"special-heading-inner-border\"><\/div><\/div><\/div>\n<div  class='hr av-1upzfi-f00f06d08178a5e04ce2dbe3246334cf hr-default  avia-builder-el-1  el_after_av_heading  el_before_av_one_full '><span class='hr-inner '><span class=\"hr-inner-style\"><\/span><\/span><\/div>\n\n<style type=\"text\/css\" data-created_by=\"avia_inline_auto\" id=\"style-css-av-1rxw1a-112313c7bd2ae82baa22a5f630f2ccc4\">\n.flex_column.av-1rxw1a-112313c7bd2ae82baa22a5f630f2ccc4{\nborder-radius:0px 0px 0px 0px;\npadding:0px 0px 0px 0px;\n}\n<\/style>\n<div  class='flex_column av-1rxw1a-112313c7bd2ae82baa22a5f630f2ccc4 av_one_full  avia-builder-el-2  el_after_av_hr  avia-builder-el-last  first flex_column_div av-zero-column-padding  '     ><form action=\"https:\/\/clp-akademie.de\/wpdata\/anmeldung-newsletter\/\" method=\"post\" data-fields-with-error=\"Fehler wurden in folgenden Feld(ern) gefunden:\" class=\"avia_ajax_form av-form-labels-visible   avia-builder-el-3  avia-builder-el-no-sibling   \" data-avia-form-id=\"1\" data-avia-redirect='' ><h3 class=''>Verpassen Sie keine Neuigkeiten zu unserem Schulungsangebot mehr!<\/h3><fieldset><p class='  first_form  form_element form_fullwidth' id='element_avia_1_1'><label for=\"avia_1_1\">Name <abbr class=\"required\" title=\"ben\u00f6tigt\">*<\/abbr><\/label> <input name=\"avia_1_1\" class=\"text_input is_empty\" type=\"text\" id=\"avia_1_1\" value=\"\" \/><\/p><p class='  first_form  form_element form_fullwidth' id='element_avia_2_1'><label for=\"avia_2_1\">Adresse <abbr class=\"required\" title=\"ben\u00f6tigt\">*<\/abbr><\/label> <input name=\"avia_2_1\" class=\"text_input is_empty\" type=\"text\" id=\"avia_2_1\" value=\"\" \/><\/p><p class='  first_form  form_element form_fullwidth' id='element_avia_3_1'><label for=\"avia_3_1\">E-Mail <abbr class=\"required\" title=\"ben\u00f6tigt\">*<\/abbr><\/label> <input name=\"avia_3_1\" class=\"text_input is_email\" type=\"text\" id=\"avia_3_1\" value=\"\" \/><\/p><div id='avia_4_1' class='av-form-text'><p>\nBitte w\u00e4hlen Sie zu welchen Veranstaltungen Sie Informiert werden wollen:<\/p>\n<\/div><p class='  first_form  form_element form_fullwidth' id='element_avia_5_1'><label for=\"avia_5_1\">IHK Praxistraining Vergabemanager\/in <abbr class=\"required\" title=\"ben\u00f6tigt\">*<\/abbr><\/label><select  name=\"avia_5_1\" class=\"select is_empty\" id=\"avia_5_1\"><option   value='Pr\u00e4senz'>Pr\u00e4senz<\/option><option   value='Online'>Online<\/option><option   value='Beide'>Beide<\/option><option   value='Keine'>Keine<\/option><\/select><\/p><p class='  first_form  form_element form_fullwidth' id='element_avia_6_1'><label for=\"avia_6_1\">Vergabemanager\/in <abbr class=\"required\" title=\"ben\u00f6tigt\">*<\/abbr><\/label><select  name=\"avia_6_1\" class=\"select is_empty\" id=\"avia_6_1\"><option   value='Pr\u00e4senz'>Pr\u00e4senz<\/option><option   value='Online'>Online<\/option><option   value='Beide'>Beide<\/option><option   value='Keine'>Keine<\/option><\/select><\/p><p class='  first_form  form_element form_fullwidth' id='element_avia_7_1'><label for=\"avia_7_1\">Intensivwebinare<\/label><select multiple name=\"avia_7_1\" class=\"select  av-multi-select\" id=\"avia_7_1\"><option   value='Praxisprobleme Baubeschaffung - VOB\/A (EU)'>Praxisprobleme Baubeschaffung - VOB\/A (EU)<\/option><option   value='Beschaffung von Liefer- und Dienstleistungen (VgV&#44; UVgO)'>Beschaffung von Liefer- und Dienstleistungen (VgV&#44; UVgO)<\/option><option   value='Vergabe von Planungsdienstleistungen'>Vergabe von Planungsdienstleistungen<\/option><option   value='Vergabe von Postdienstleistungen'>Vergabe von Postdienstleistungen<\/option><option   value='Vergabe von Wach- und Sicherheitsdienstleistungen'>Vergabe von Wach- und Sicherheitsdienstleistungen<\/option><option   value='Vergabe von Versicherungsdienstleistungen'>Vergabe von Versicherungsdienstleistungen<\/option><option   value='Vergabe von IT-Dienstleistungen'>Vergabe von IT-Dienstleistungen<\/option><option   value='Vergabe einer Kitatr\u00e4gerschaft'>Vergabe einer Kitatr\u00e4gerschaft<\/option><option   value='Vergabe von Verpflegungsdienstleistungen'>Vergabe von Verpflegungsdienstleistungen<\/option><option   value='Besonderheiten diverser Landesvergabe- und Tariftreue- gesetzen'>Besonderheiten diverser Landesvergabe- und Tariftreue- gesetzen<\/option><option   value='Vergabe technischer Ger\u00e4te&#44; wie Fahrzeuge&#44; etc.'>Vergabe technischer Ger\u00e4te&#44; wie Fahrzeuge&#44; etc.<\/option><option   value='Vergaben in Universit\u00e4ten und Krankenh\u00e4usern'>Vergaben in Universit\u00e4ten und Krankenh\u00e4usern<\/option><option   value='Beschaffungen unter Corona-spezifischer Bedingungen'>Beschaffungen unter Corona-spezifischer Bedingungen<\/option><option   value='Aktuelles zum Nachtragsmanagement'>Aktuelles zum Nachtragsmanagement<\/option><option   value='Praxisprobleme VOB\/B'>Praxisprobleme VOB\/B<\/option><\/select><\/p><div id='avia_8_1' class='av-form-text'><p>\nHinweis: Sie k\u00f6nnen mehrere Intensivwebinare Ausw\u00e4hlen indem Sie die Strg- bzw. Ctrl- Taste gedr\u00fcckt halten.<\/p>\n<\/div><p class='  first_form  form_element form_fullwidth' id='element_avia_9_1'><input  name=\"avia_9_1\" class=\"input_checkbox is_empty\" type=\"checkbox\" id=\"avia_9_1\" value=\"true\"\/><label class=\"input_checkbox_label\" for=\"avia_9_1\">Ich willige ein, dass CLP-Akademie alle von mir zur Verf\u00fcgung gestellten Daten f\u00fcr die Bearbeitung meines Anliegens speichert. Diese Einwilligung ist freiwillig und kann jederzeit widerrufen werden. In diesem Fall werden meine Daten unverz\u00fcglich nach Eingang des Widerrufs gel\u00f6scht, sofern keine gesetzliche Aufbewahrungspflicht besteht. Weitere Informationen und Widerrufshinweise finde ich in der Datenschutzerkl\u00e4rung auf dieser Website. <abbr class=\"required\" title=\"ben\u00f6tigt\">*<\/abbr><\/label><\/p><div id='avia_10_1' class='av-form-text'><p>\n<a href=\"https:\/\/clp-akademie.de\/wpdata\/abmeldung-newsletter\/\">Wenn Sie keine weiteren Emails von uns erhalten m\u00f6chten, dann klicken Sie bitte <strong>hier<\/strong> um sich von unserem Newsletter\u00a0 abzumelden.<\/a><\/p>\n<\/div><p class=\"hidden\"><input type=\"text\" name=\"avia_11_1\" class=\"hidden \" id=\"avia_11_1\" value=\"\" \/><\/p><p class='   form_element form_fullwidth' id='element_avia_12_1'><span class='value_verifier_label'>0 + 6 = ?<\/span><input name=\"avia_12_1_verifier\" type=\"hidden\" id=\"avia_12_1_verifier\" value=\"355763724\"\/><label for=\"avia_12_1\">Bitte l\u00f6se die Gleichung. Diese Ma\u00dfnahme dient der Abwehr von Spam <abbr class=\"required\" title=\"ben\u00f6tigt\">*<\/abbr><\/label><input name=\"avia_12_1\" class=\"text_input captcha\" type=\"text\" id=\"avia_12_1\" value=\"\"\/><\/p><p class=\"form_element \"><input type=\"hidden\" value=\"1\" name=\"avia_generated_form1\" \/><input type=\"submit\" value=\"Senden\" class=\"button\"  data-sending-label=\"Sende\"\/><\/p><\/fieldset><\/form><div id=\"ajaxresponse_1\" class=\"ajaxresponse ajaxresponse_1 hidden\"><\/div><\/div>\n","protected":false},"excerpt":{"rendered":"","protected":false},"author":5,"featured_media":0,"parent":0,"menu_order":0,"comment_status":"closed","ping_status":"closed","template":"","meta":{"_acf_changed":false,"footnotes":""},"class_list":["post-974","page","type-page","status-publish","hentry"],"acf":[],"yoast_head":"<!-- This site is optimized with the Yoast SEO plugin v27.3 - https:\/\/yoast.com\/product\/yoast-seo-wordpress\/ -->\n<title>Anmeldung Newsletter - CLP Akademie<\/title>\n<meta name=\"robots\" content=\"index, follow, max-snippet:-1, max-image-preview:large, max-video-preview:-1\" \/>\n<link rel=\"canonical\" href=\"https:\/\/clp-akademie.de\/wpdata\/anmeldung-newsletter\/\" \/>\n<meta property=\"og:locale\" content=\"de_DE\" \/>\n<meta property=\"og:type\" content=\"article\" \/>\n<meta property=\"og:title\" content=\"Anmeldung Newsletter - CLP Akademie\" \/>\n<meta property=\"og:url\" content=\"https:\/\/clp-akademie.de\/wpdata\/anmeldung-newsletter\/\" \/>\n<meta property=\"og:site_name\" content=\"CLP Akademie\" \/>\n<meta property=\"article:modified_time\" content=\"2020-05-27T14:17:16+00:00\" \/>\n<meta name=\"twitter:card\" content=\"summary_large_image\" \/>\n<meta name=\"twitter:label1\" content=\"Gesch\u00e4tzte Lesezeit\" \/>\n\t<meta name=\"twitter:data1\" content=\"4\u00a0Minuten\" \/>\n<script type=\"application\/ld+json\" class=\"yoast-schema-graph\">{\"@context\":\"https:\\\/\\\/schema.org\",\"@graph\":[{\"@type\":\"WebPage\",\"@id\":\"https:\\\/\\\/clp-akademie.de\\\/wpdata\\\/anmeldung-newsletter\\\/\",\"url\":\"https:\\\/\\\/clp-akademie.de\\\/wpdata\\\/anmeldung-newsletter\\\/\",\"name\":\"Anmeldung Newsletter - CLP Akademie\",\"isPartOf\":{\"@id\":\"https:\\\/\\\/clp-akademie.de\\\/wpdata\\\/#website\"},\"datePublished\":\"2020-04-17T15:14:49+00:00\",\"dateModified\":\"2020-05-27T14:17:16+00:00\",\"breadcrumb\":{\"@id\":\"https:\\\/\\\/clp-akademie.de\\\/wpdata\\\/anmeldung-newsletter\\\/#breadcrumb\"},\"inLanguage\":\"de\",\"potentialAction\":[{\"@type\":\"ReadAction\",\"target\":[\"https:\\\/\\\/clp-akademie.de\\\/wpdata\\\/anmeldung-newsletter\\\/\"]}]},{\"@type\":\"BreadcrumbList\",\"@id\":\"https:\\\/\\\/clp-akademie.de\\\/wpdata\\\/anmeldung-newsletter\\\/#breadcrumb\",\"itemListElement\":[{\"@type\":\"ListItem\",\"position\":1,\"name\":\"Startseite\",\"item\":\"https:\\\/\\\/clp-akademie.de\\\/wpdata\\\/neuland\\\/\"},{\"@type\":\"ListItem\",\"position\":2,\"name\":\"Anmeldung Newsletter\"}]},{\"@type\":\"WebSite\",\"@id\":\"https:\\\/\\\/clp-akademie.de\\\/wpdata\\\/#website\",\"url\":\"https:\\\/\\\/clp-akademie.de\\\/wpdata\\\/\",\"name\":\"CLP Akademie\",\"description\":\"Seminar- und Fortbildungsveranstaltungen\",\"potentialAction\":[{\"@type\":\"SearchAction\",\"target\":{\"@type\":\"EntryPoint\",\"urlTemplate\":\"https:\\\/\\\/clp-akademie.de\\\/wpdata\\\/?s={search_term_string}\"},\"query-input\":{\"@type\":\"PropertyValueSpecification\",\"valueRequired\":true,\"valueName\":\"search_term_string\"}}],\"inLanguage\":\"de\"}]}<\/script>\n<!-- \/ Yoast SEO plugin. -->","yoast_head_json":{"title":"Anmeldung Newsletter - CLP Akademie","robots":{"index":"index","follow":"follow","max-snippet":"max-snippet:-1","max-image-preview":"max-image-preview:large","max-video-preview":"max-video-preview:-1"},"canonical":"https:\/\/clp-akademie.de\/wpdata\/anmeldung-newsletter\/","og_locale":"de_DE","og_type":"article","og_title":"Anmeldung Newsletter - CLP Akademie","og_url":"https:\/\/clp-akademie.de\/wpdata\/anmeldung-newsletter\/","og_site_name":"CLP Akademie","article_modified_time":"2020-05-27T14:17:16+00:00","twitter_card":"summary_large_image","twitter_misc":{"Gesch\u00e4tzte Lesezeit":"4\u00a0Minuten"},"schema":{"@context":"https:\/\/schema.org","@graph":[{"@type":"WebPage","@id":"https:\/\/clp-akademie.de\/wpdata\/anmeldung-newsletter\/","url":"https:\/\/clp-akademie.de\/wpdata\/anmeldung-newsletter\/","name":"Anmeldung Newsletter - CLP Akademie","isPartOf":{"@id":"https:\/\/clp-akademie.de\/wpdata\/#website"},"datePublished":"2020-04-17T15:14:49+00:00","dateModified":"2020-05-27T14:17:16+00:00","breadcrumb":{"@id":"https:\/\/clp-akademie.de\/wpdata\/anmeldung-newsletter\/#breadcrumb"},"inLanguage":"de","potentialAction":[{"@type":"ReadAction","target":["https:\/\/clp-akademie.de\/wpdata\/anmeldung-newsletter\/"]}]},{"@type":"BreadcrumbList","@id":"https:\/\/clp-akademie.de\/wpdata\/anmeldung-newsletter\/#breadcrumb","itemListElement":[{"@type":"ListItem","position":1,"name":"Startseite","item":"https:\/\/clp-akademie.de\/wpdata\/neuland\/"},{"@type":"ListItem","position":2,"name":"Anmeldung Newsletter"}]},{"@type":"WebSite","@id":"https:\/\/clp-akademie.de\/wpdata\/#website","url":"https:\/\/clp-akademie.de\/wpdata\/","name":"CLP Akademie","description":"Seminar- und Fortbildungsveranstaltungen","potentialAction":[{"@type":"SearchAction","target":{"@type":"EntryPoint","urlTemplate":"https:\/\/clp-akademie.de\/wpdata\/?s={search_term_string}"},"query-input":{"@type":"PropertyValueSpecification","valueRequired":true,"valueName":"search_term_string"}}],"inLanguage":"de"}]}},"_links":{"self":[{"href":"https:\/\/clp-akademie.de\/wpdata\/wp-json\/wp\/v2\/pages\/974","targetHints":{"allow":["GET"]}}],"collection":[{"href":"https:\/\/clp-akademie.de\/wpdata\/wp-json\/wp\/v2\/pages"}],"about":[{"href":"https:\/\/clp-akademie.de\/wpdata\/wp-json\/wp\/v2\/types\/page"}],"author":[{"embeddable":true,"href":"https:\/\/clp-akademie.de\/wpdata\/wp-json\/wp\/v2\/users\/5"}],"replies":[{"embeddable":true,"href":"https:\/\/clp-akademie.de\/wpdata\/wp-json\/wp\/v2\/comments?post=974"}],"version-history":[{"count":19,"href":"https:\/\/clp-akademie.de\/wpdata\/wp-json\/wp\/v2\/pages\/974\/revisions"}],"predecessor-version":[{"id":1180,"href":"https:\/\/clp-akademie.de\/wpdata\/wp-json\/wp\/v2\/pages\/974\/revisions\/1180"}],"wp:attachment":[{"href":"https:\/\/clp-akademie.de\/wpdata\/wp-json\/wp\/v2\/media?parent=974"}],"curies":[{"name":"wp","href":"https:\/\/api.w.org\/{rel}","templated":true}]}}